{"id":341,"date":"2023-04-13T21:39:51","date_gmt":"2023-04-13T20:39:51","guid":{"rendered":"https:\/\/annissima.com\/product\/neon\/"},"modified":"2023-08-30T09:21:07","modified_gmt":"2023-08-30T08:21:07","slug":"communio-pro-indiviso-2022-anna-scalfi-eghenter","status":"publish","type":"product","link":"https:\/\/annissima.com\/fr\/prodotto\/communio-pro-indiviso-2022-anna-scalfi-eghenter\/","title":{"rendered":"Communio pro-indiviso (2022) \/ Anna Scalfi Eghenter"},"content":{"rendered":"<div><strong>CARACT\u00c9RISTIQUES TECHNIQUES POUR CHAQUE TABLEAU : \u00a0<\/strong><br \/>\n<strong>LAMPE<\/strong> \u00e9l\u00e9ment en fil de n\u00e9on<\/div>\n<div><strong>DIMENSIONS<\/strong> 14 x 3 x 9,5 cm avec approximation artisanale<br \/>\n<strong>MAT\u00c9RIAU<\/strong> tubes d&rsquo;\u00e9clairage \u00e0 cathode froide en verre de cristal form\u00e9 \u00e0 la main, diam\u00e8tre 15 mm, technique de soudage avec feuillure r\u00e9alis\u00e9e dans les ateliers &lsquo;Neon Lauro 1956&rsquo;.<br \/>\n<strong>COULEUR<\/strong> transparent lumineux rouge<br \/>\n<strong>LUMINOSIT\u00c9<\/strong> d&rsquo;un \u00e9l\u00e9ment : 400 bougies par m\u00e8tre carr\u00e9<br \/>\n<strong>ACCESSOIRES<\/strong> n\u00e9cessaires \u00e0 l&rsquo;installation, supports, couvercles d&rsquo;\u00e9lectrodes en verre isolant, c\u00e2bles A.T.<br \/>\n<strong>TRANSFORMATEUR<\/strong> de puissance ad\u00e9quate par rapport au nombre d&rsquo;\u00e9l\u00e9ments acquis<\/div>\n<div><strong>SOLUTION<\/strong> pour usage int\u00e9rieur\/ext\u00e9rieur<br \/>\n<strong>MANUEL<\/strong> pour l&rsquo;installation, l&rsquo;utilisation et l&rsquo;entretien<br \/>\n<strong>CERTIFICAT<\/strong> d&rsquo;authentification<br \/>\n<strong>EMBALLAGE<\/strong> caisse en bois sur mesure adapt\u00e9e au transport international, en fonction du nombre d&rsquo;\u00e9l\u00e9ments acquis<\/div>\n","protected":false},"excerpt":{"rendered":"<div><strong>CARACT\u00c9RISTIQUES TECHNIQUES POUR CHAQUE TABLEAU : \u00a0<\/strong><br \/>\n<strong>LAMPE<\/strong> \u00e9l\u00e9ment en fil de n\u00e9on<\/div>\n<div><strong>DIMENSIONS<\/strong> 14 x 3 x 9,5 cm avec approximation artisanale<br \/>\n<strong>MAT\u00c9RIAU<\/strong> tubes d&rsquo;\u00e9clairage \u00e0 cathode froide en verre de cristal form\u00e9 \u00e0 la main, diam\u00e8tre 15 mm, technique de soudage avec feuillure r\u00e9alis\u00e9e dans les ateliers &lsquo;Neon Lauro 1956&rsquo;.<br \/>\n<strong>COULEUR<\/strong> transparent lumineux rouge<br \/>\n<strong>LUMINOSIT\u00c9<\/strong> d&rsquo;un \u00e9l\u00e9ment : 400 bougies par m\u00e8tre carr\u00e9<br \/>\n<strong>ACCESSOIRES<\/strong> n\u00e9cessaires \u00e0 l&rsquo;installation, supports, couvercles d&rsquo;\u00e9lectrodes en verre isolant, c\u00e2bles A.T.<br \/>\n<strong>TRANSFORMATEUR<\/strong> de puissance ad\u00e9quate par rapport au nombre d&rsquo;\u00e9l\u00e9ments acquis<\/div>\n<div><strong>SOLUTION<\/strong> pour usage int\u00e9rieur\/ext\u00e9rieur<br \/>\n<strong>MANUEL<\/strong> pour l&rsquo;installation, l&rsquo;utilisation et l&rsquo;entretien<br \/>\n<strong>CERTIFICAT<\/strong> d&rsquo;authentification<br \/>\n<strong>EMBALLAGE<\/strong> caisse en bois sur mesure adapt\u00e9e au transport international, en fonction du nombre d&rsquo;\u00e9l\u00e9ments acquis<\/div>\n","protected":false},"featured_media":707,"template":"","meta":{"om_disable_all_campaigns":false,"_monsterinsights_skip_tracking":false,"_monsterinsights_sitenote_active":false,"_monsterinsights_sitenote_note":"","_monsterinsights_sitenote_category":0},"product_brand":[],"product_cat":[48],"product_tag":[],"class_list":{"0":"post-341","1":"product","2":"type-product","3":"status-publish","4":"has-post-thumbnail","6":"product_cat-artworks","8":"first","9":"outofstock","10":"shipping-taxable","11":"purchasable","12":"product-type-simple"},"yoast_head":"<!-- This site is optimized with the Yoast SEO plugin v26.7 - https:\/\/yoast.com\/wordpress\/plugins\/seo\/ -->\n<title>Communio pro-indiviso (2022) \/ Anna Scalfi Eghenter - Annissima<\/title>\n<meta name=\"robots\" content=\"noindex, follow\" \/>\n<meta property=\"og:locale\" content=\"fr_FR\" \/>\n<meta property=\"og:type\" content=\"article\" \/>\n<meta property=\"og:title\" content=\"Communio pro-indiviso (2022) \/ Anna Scalfi Eghenter - Annissima\" \/>\n<meta property=\"og:description\" content=\"CARACT\u00c9RISTIQUES TECHNIQUES POUR CHAQUE TABLEAU : \u00a0 LAMPE \u00e9l\u00e9ment en fil de n\u00e9on DIMENSIONS 14 x 3 x 9,5 cm avec approximation artisanale MAT\u00c9RIAU tubes d&#039;\u00e9clairage \u00e0 cathode froide en verre de cristal form\u00e9 \u00e0 la main, diam\u00e8tre 15 mm, technique de soudage avec feuillure r\u00e9alis\u00e9e dans les ateliers &#039;Neon Lauro 1956&#039;. COULEUR transparent lumineux rouge LUMINOSIT\u00c9 d&#039;un \u00e9l\u00e9ment : 400 bougies par m\u00e8tre carr\u00e9 ACCESSOIRES n\u00e9cessaires \u00e0 l&#039;installation, supports, couvercles d&#039;\u00e9lectrodes en verre isolant, c\u00e2bles A.T. TRANSFORMATEUR de puissance ad\u00e9quate par rapport au nombre d&#039;\u00e9l\u00e9ments acquis SOLUTION pour usage int\u00e9rieur\/ext\u00e9rieur MANUEL pour l&#039;installation, l&#039;utilisation et l&#039;entretien CERTIFICAT d&#039;authentification EMBALLAGE caisse en bois sur mesure adapt\u00e9e au transport international, en fonction du nombre d&#039;\u00e9l\u00e9ments acquis\" \/>\n<meta property=\"og:url\" content=\"https:\/\/annissima.com\/fr\/prodotto\/communio-pro-indiviso-2022-anna-scalfi-eghenter\/\" \/>\n<meta property=\"og:site_name\" content=\"Annissima\" \/>\n<meta property=\"article:modified_time\" content=\"2023-08-30T08:21:07+00:00\" \/>\n<meta property=\"og:image\" content=\"https:\/\/annissima.com\/wp-content\/uploads\/2023\/08\/Scalfi-Communio-2022-neon.png\" \/>\n\t<meta property=\"og:image:width\" content=\"779\" \/>\n\t<meta property=\"og:image:height\" content=\"1008\" \/>\n\t<meta property=\"og:image:type\" content=\"image\/png\" \/>\n<meta name=\"twitter:card\" content=\"summary_large_image\" \/>\n<meta name=\"twitter:label1\" content=\"Dur\u00e9e de lecture estim\u00e9e\" \/>\n\t<meta name=\"twitter:data1\" content=\"1 minute\" \/>\n<script type=\"application\/ld+json\" class=\"yoast-schema-graph\">{\"@context\":\"https:\/\/schema.org\",\"@graph\":[{\"@type\":\"WebPage\",\"@id\":\"https:\/\/annissima.com\/fr\/prodotto\/communio-pro-indiviso-2022-anna-scalfi-eghenter\/\",\"url\":\"https:\/\/annissima.com\/fr\/prodotto\/communio-pro-indiviso-2022-anna-scalfi-eghenter\/\",\"name\":\"Communio pro-indiviso (2022) \/ Anna Scalfi Eghenter - Annissima\",\"isPartOf\":{\"@id\":\"https:\/\/annissima.com\/fr\/#website\"},\"primaryImageOfPage\":{\"@id\":\"https:\/\/annissima.com\/fr\/prodotto\/communio-pro-indiviso-2022-anna-scalfi-eghenter\/#primaryimage\"},\"image\":{\"@id\":\"https:\/\/annissima.com\/fr\/prodotto\/communio-pro-indiviso-2022-anna-scalfi-eghenter\/#primaryimage\"},\"thumbnailUrl\":\"https:\/\/annissima.com\/wp-content\/uploads\/2023\/08\/Scalfi-Communio-2022-neon.png\",\"datePublished\":\"2023-04-13T20:39:51+00:00\",\"dateModified\":\"2023-08-30T08:21:07+00:00\",\"breadcrumb\":{\"@id\":\"https:\/\/annissima.com\/fr\/prodotto\/communio-pro-indiviso-2022-anna-scalfi-eghenter\/#breadcrumb\"},\"inLanguage\":\"fr-FR\",\"potentialAction\":[{\"@type\":\"ReadAction\",\"target\":[\"https:\/\/annissima.com\/fr\/prodotto\/communio-pro-indiviso-2022-anna-scalfi-eghenter\/\"]}]},{\"@type\":\"ImageObject\",\"inLanguage\":\"fr-FR\",\"@id\":\"https:\/\/annissima.com\/fr\/prodotto\/communio-pro-indiviso-2022-anna-scalfi-eghenter\/#primaryimage\",\"url\":\"https:\/\/annissima.com\/wp-content\/uploads\/2023\/08\/Scalfi-Communio-2022-neon.png\",\"contentUrl\":\"https:\/\/annissima.com\/wp-content\/uploads\/2023\/08\/Scalfi-Communio-2022-neon.png\",\"width\":779,\"height\":1008},{\"@type\":\"BreadcrumbList\",\"@id\":\"https:\/\/annissima.com\/fr\/prodotto\/communio-pro-indiviso-2022-anna-scalfi-eghenter\/#breadcrumb\",\"itemListElement\":[{\"@type\":\"ListItem\",\"position\":1,\"name\":\"Home\",\"item\":\"https:\/\/annissima.com\/fr\/\"},{\"@type\":\"ListItem\",\"position\":2,\"name\":\"Produits\",\"item\":\"https:\/\/annissima.com\/fr\/shop\/\"},{\"@type\":\"ListItem\",\"position\":3,\"name\":\"Communio pro-indiviso (2022) \/ Anna Scalfi Eghenter\"}]},{\"@type\":\"WebSite\",\"@id\":\"https:\/\/annissima.com\/fr\/#website\",\"url\":\"https:\/\/annissima.com\/fr\/\",\"name\":\"Annissima\",\"description\":\"\",\"publisher\":{\"@id\":\"https:\/\/annissima.com\/fr\/#\/schema\/person\/20ddb9283bed1379c30ee673559b9e9e\"},\"potentialAction\":[{\"@type\":\"SearchAction\",\"target\":{\"@type\":\"EntryPoint\",\"urlTemplate\":\"https:\/\/annissima.com\/fr\/?s={search_term_string}\"},\"query-input\":{\"@type\":\"PropertyValueSpecification\",\"valueRequired\":true,\"valueName\":\"search_term_string\"}}],\"inLanguage\":\"fr-FR\"},{\"@type\":[\"Person\",\"Organization\"],\"@id\":\"https:\/\/annissima.com\/fr\/#\/schema\/person\/20ddb9283bed1379c30ee673559b9e9e\",\"name\":\"Anna Scalfi\",\"image\":{\"@type\":\"ImageObject\",\"inLanguage\":\"fr-FR\",\"@id\":\"https:\/\/annissima.com\/fr\/#\/schema\/person\/image\/\",\"url\":\"https:\/\/annissima.com\/wp-content\/uploads\/2023\/05\/annissima_logo_email.png\",\"contentUrl\":\"https:\/\/annissima.com\/wp-content\/uploads\/2023\/05\/annissima_logo_email.png\",\"width\":150,\"height\":39,\"caption\":\"Anna Scalfi\"},\"logo\":{\"@id\":\"https:\/\/annissima.com\/fr\/#\/schema\/person\/image\/\"}}]}<\/script>\n<!-- \/ Yoast SEO plugin. -->","yoast_head_json":{"title":"Communio pro-indiviso (2022) \/ Anna Scalfi Eghenter - Annissima","robots":{"index":"noindex","follow":"follow"},"og_locale":"fr_FR","og_type":"article","og_title":"Communio pro-indiviso (2022) \/ Anna Scalfi Eghenter - Annissima","og_description":"CARACT\u00c9RISTIQUES TECHNIQUES POUR CHAQUE TABLEAU : \u00a0 LAMPE \u00e9l\u00e9ment en fil de n\u00e9on DIMENSIONS 14 x 3 x 9,5 cm avec approximation artisanale MAT\u00c9RIAU tubes d'\u00e9clairage \u00e0 cathode froide en verre de cristal form\u00e9 \u00e0 la main, diam\u00e8tre 15 mm, technique de soudage avec feuillure r\u00e9alis\u00e9e dans les ateliers 'Neon Lauro 1956'. COULEUR transparent lumineux rouge LUMINOSIT\u00c9 d'un \u00e9l\u00e9ment : 400 bougies par m\u00e8tre carr\u00e9 ACCESSOIRES n\u00e9cessaires \u00e0 l'installation, supports, couvercles d'\u00e9lectrodes en verre isolant, c\u00e2bles A.T. TRANSFORMATEUR de puissance ad\u00e9quate par rapport au nombre d'\u00e9l\u00e9ments acquis SOLUTION pour usage int\u00e9rieur\/ext\u00e9rieur MANUEL pour l'installation, l'utilisation et l'entretien CERTIFICAT d'authentification EMBALLAGE caisse en bois sur mesure adapt\u00e9e au transport international, en fonction du nombre d'\u00e9l\u00e9ments acquis","og_url":"https:\/\/annissima.com\/fr\/prodotto\/communio-pro-indiviso-2022-anna-scalfi-eghenter\/","og_site_name":"Annissima","article_modified_time":"2023-08-30T08:21:07+00:00","og_image":[{"width":779,"height":1008,"url":"https:\/\/annissima.com\/wp-content\/uploads\/2023\/08\/Scalfi-Communio-2022-neon.png","type":"image\/png"}],"twitter_card":"summary_large_image","twitter_misc":{"Dur\u00e9e de lecture estim\u00e9e":"1 minute"},"schema":{"@context":"https:\/\/schema.org","@graph":[{"@type":"WebPage","@id":"https:\/\/annissima.com\/fr\/prodotto\/communio-pro-indiviso-2022-anna-scalfi-eghenter\/","url":"https:\/\/annissima.com\/fr\/prodotto\/communio-pro-indiviso-2022-anna-scalfi-eghenter\/","name":"Communio pro-indiviso (2022) \/ Anna Scalfi Eghenter - Annissima","isPartOf":{"@id":"https:\/\/annissima.com\/fr\/#website"},"primaryImageOfPage":{"@id":"https:\/\/annissima.com\/fr\/prodotto\/communio-pro-indiviso-2022-anna-scalfi-eghenter\/#primaryimage"},"image":{"@id":"https:\/\/annissima.com\/fr\/prodotto\/communio-pro-indiviso-2022-anna-scalfi-eghenter\/#primaryimage"},"thumbnailUrl":"https:\/\/annissima.com\/wp-content\/uploads\/2023\/08\/Scalfi-Communio-2022-neon.png","datePublished":"2023-04-13T20:39:51+00:00","dateModified":"2023-08-30T08:21:07+00:00","breadcrumb":{"@id":"https:\/\/annissima.com\/fr\/prodotto\/communio-pro-indiviso-2022-anna-scalfi-eghenter\/#breadcrumb"},"inLanguage":"fr-FR","potentialAction":[{"@type":"ReadAction","target":["https:\/\/annissima.com\/fr\/prodotto\/communio-pro-indiviso-2022-anna-scalfi-eghenter\/"]}]},{"@type":"ImageObject","inLanguage":"fr-FR","@id":"https:\/\/annissima.com\/fr\/prodotto\/communio-pro-indiviso-2022-anna-scalfi-eghenter\/#primaryimage","url":"https:\/\/annissima.com\/wp-content\/uploads\/2023\/08\/Scalfi-Communio-2022-neon.png","contentUrl":"https:\/\/annissima.com\/wp-content\/uploads\/2023\/08\/Scalfi-Communio-2022-neon.png","width":779,"height":1008},{"@type":"BreadcrumbList","@id":"https:\/\/annissima.com\/fr\/prodotto\/communio-pro-indiviso-2022-anna-scalfi-eghenter\/#breadcrumb","itemListElement":[{"@type":"ListItem","position":1,"name":"Home","item":"https:\/\/annissima.com\/fr\/"},{"@type":"ListItem","position":2,"name":"Produits","item":"https:\/\/annissima.com\/fr\/shop\/"},{"@type":"ListItem","position":3,"name":"Communio pro-indiviso (2022) \/ Anna Scalfi Eghenter"}]},{"@type":"WebSite","@id":"https:\/\/annissima.com\/fr\/#website","url":"https:\/\/annissima.com\/fr\/","name":"Annissima","description":"","publisher":{"@id":"https:\/\/annissima.com\/fr\/#\/schema\/person\/20ddb9283bed1379c30ee673559b9e9e"},"potentialAction":[{"@type":"SearchAction","target":{"@type":"EntryPoint","urlTemplate":"https:\/\/annissima.com\/fr\/?s={search_term_string}"},"query-input":{"@type":"PropertyValueSpecification","valueRequired":true,"valueName":"search_term_string"}}],"inLanguage":"fr-FR"},{"@type":["Person","Organization"],"@id":"https:\/\/annissima.com\/fr\/#\/schema\/person\/20ddb9283bed1379c30ee673559b9e9e","name":"Anna Scalfi","image":{"@type":"ImageObject","inLanguage":"fr-FR","@id":"https:\/\/annissima.com\/fr\/#\/schema\/person\/image\/","url":"https:\/\/annissima.com\/wp-content\/uploads\/2023\/05\/annissima_logo_email.png","contentUrl":"https:\/\/annissima.com\/wp-content\/uploads\/2023\/05\/annissima_logo_email.png","width":150,"height":39,"caption":"Anna Scalfi"},"logo":{"@id":"https:\/\/annissima.com\/fr\/#\/schema\/person\/image\/"}}]}},"_links":{"self":[{"href":"https:\/\/annissima.com\/fr\/wp-json\/wp\/v2\/product\/341","targetHints":{"allow":["GET"]}}],"collection":[{"href":"https:\/\/annissima.com\/fr\/wp-json\/wp\/v2\/product"}],"about":[{"href":"https:\/\/annissima.com\/fr\/wp-json\/wp\/v2\/types\/product"}],"wp:featuredmedia":[{"embeddable":true,"href":"https:\/\/annissima.com\/fr\/wp-json\/wp\/v2\/media\/707"}],"wp:attachment":[{"href":"https:\/\/annissima.com\/fr\/wp-json\/wp\/v2\/media?parent=341"}],"wp:term":[{"taxonomy":"product_brand","embeddable":true,"href":"https:\/\/annissima.com\/fr\/wp-json\/wp\/v2\/product_brand?post=341"},{"taxonomy":"product_cat","embeddable":true,"href":"https:\/\/annissima.com\/fr\/wp-json\/wp\/v2\/product_cat?post=341"},{"taxonomy":"product_tag","embeddable":true,"href":"https:\/\/annissima.com\/fr\/wp-json\/wp\/v2\/product_tag?post=341"}],"curies":[{"name":"wp","href":"https:\/\/api.w.org\/{rel}","templated":true}]}}