{"id":347,"date":"2023-05-18T09:06:09","date_gmt":"2023-05-18T08:06:09","guid":{"rendered":"https:\/\/annissima.com\/per-diventare-comunista\/"},"modified":"2023-07-24T09:06:48","modified_gmt":"2023-07-24T08:06:48","slug":"pour-devenir-communiste","status":"publish","type":"page","link":"https:\/\/annissima.com\/fr\/pour-devenir-communiste\/","title":{"rendered":"Pour devenir communiste"},"content":{"rendered":"<div class=\"row row-collapse align-middle align-center\"  id=\"row-1854943761\">\n\n<\/div>\n<div class=\"row row-collapse row-full-width align-middle\"  id=\"row-1529891526\">\n\n\t<div id=\"col-336682605\" class=\"col small-12 large-12\"  >\n\t\t\t\t<div class=\"col-inner text-left\"  >\n\t\t\t\n\t\t\t\n<div class=\"row row-collapse align-middle align-center\"  id=\"row-626263240\">\n\n\t<div id=\"col-357405739\" class=\"col small-12 large-12\"  >\n\t\t\t\t<div class=\"col-inner text-left\"  >\n\t\t\t\n\t\t\t\n\t<div id=\"text-3438930542\" class=\"text\">\n\t\t\n<h2 class=\"uppercase\">POUR L&rsquo;ACQUISITION D&rsquo;UNE PORTION DE L&rsquo;\u0152UVRE EN COMMUN :<\/h2>\n\t\t\n<style>\n#text-3438930542 {\n  font-size: 1rem;\n  text-align: center;\n  color: rgb(0,0,0);\n}\n#text-3438930542 > * {\n  color: rgb(0,0,0);\n}\n<\/style>\n\t<\/div>\n\t\n\t\t<\/div>\n\t\t\t\t\t<\/div>\n\n\t\n\n\t<div id=\"col-1783385761\" class=\"col small-12 large-12\"  >\n\t\t\t\t<div class=\"col-inner text-left\"  >\n\t\t\t\n\t\t\t\n\n<div class=\"woocommerce\">\t\t\t<div class=\"single-product\" data-product-page-preselected-id=\"0\">\n\t\t\t\t<div class=\"container\">\n\t<div class=\"woocommerce-notices-wrapper\"><\/div><\/div>\n<div id=\"product-341\" class=\"product type-product post-341 status-publish first outofstock product_cat-artworks has-post-thumbnail shipping-taxable purchasable product-type-simple\">\n\t<div class=\"product-container\">\n  <div class=\"product-main\">\n    <div class=\"row content-row mb-0\">\n\n    \t<div class=\"product-gallery large-4 col\">\n    \t\n<div class=\"product-images relative mb-half has-hover woocommerce-product-gallery woocommerce-product-gallery--with-images woocommerce-product-gallery--columns-4 images\" data-columns=\"4\">\n\n  <div class=\"badge-container is-larger absolute left top z-1\">\n\n<\/div>\n\n  <div class=\"image-tools absolute top show-on-hover right z-3\">\n      <\/div>\n\n  <figure class=\"woocommerce-product-gallery__wrapper product-gallery-slider slider slider-nav-small mb-half\"\n        data-flickity-options='{\n                \"cellAlign\": \"center\",\n                \"wrapAround\": true,\n                \"autoPlay\": false,\n                \"prevNextButtons\":true,\n                \"adaptiveHeight\": true,\n                \"imagesLoaded\": true,\n                \"lazyLoad\": 1,\n                \"dragThreshold\" : 15,\n                \"pageDots\": false,\n                \"rightToLeft\": false       }'>\n    <div data-thumb=\"https:\/\/annissima.com\/wp-content\/uploads\/2023\/08\/Scalfi-Communio-2022-neon-100x100.png\" data-thumb-alt=\"\" class=\"woocommerce-product-gallery__image slide first\"><a href=\"https:\/\/annissima.com\/wp-content\/uploads\/2023\/08\/Scalfi-Communio-2022-neon.png\"><img loading=\"lazy\" decoding=\"async\" width=\"510\" height=\"660\" src=\"https:\/\/annissima.com\/wp-content\/uploads\/2023\/08\/Scalfi-Communio-2022-neon-510x660.png\" class=\"wp-post-image skip-lazy\" alt=\"\" title=\"Scalfi Communio 2022 neon\" data-caption=\"\" data-src=\"https:\/\/annissima.com\/wp-content\/uploads\/2023\/08\/Scalfi-Communio-2022-neon.png\" data-large_image=\"https:\/\/annissima.com\/wp-content\/uploads\/2023\/08\/Scalfi-Communio-2022-neon.png\" data-large_image_width=\"779\" data-large_image_height=\"1008\" srcset=\"https:\/\/annissima.com\/wp-content\/uploads\/2023\/08\/Scalfi-Communio-2022-neon-510x660.png 510w, https:\/\/annissima.com\/wp-content\/uploads\/2023\/08\/Scalfi-Communio-2022-neon-232x300.png 232w, https:\/\/annissima.com\/wp-content\/uploads\/2023\/08\/Scalfi-Communio-2022-neon-768x994.png 768w, https:\/\/annissima.com\/wp-content\/uploads\/2023\/08\/Scalfi-Communio-2022-neon.png 779w\" sizes=\"auto, (max-width: 510px) 100vw, 510px\" \/><\/a><\/div><div data-thumb=\"https:\/\/annissima.com\/wp-content\/uploads\/2023\/04\/Scalfi_Communio-2022-neon_red-100x100.jpg\" data-thumb-alt=\"\" class=\"woocommerce-product-gallery__image slide\"><a href=\"https:\/\/annissima.com\/wp-content\/uploads\/2023\/04\/Scalfi_Communio-2022-neon_red.jpg\"><img loading=\"lazy\" decoding=\"async\" width=\"510\" height=\"656\" src=\"https:\/\/annissima.com\/wp-content\/uploads\/2023\/04\/Scalfi_Communio-2022-neon_red-510x656.jpg\" class=\"skip-lazy\" alt=\"\" title=\"Scalfi_Communio 2022 neon_red\" data-caption=\"\" data-src=\"https:\/\/annissima.com\/wp-content\/uploads\/2023\/04\/Scalfi_Communio-2022-neon_red.jpg\" data-large_image=\"https:\/\/annissima.com\/wp-content\/uploads\/2023\/04\/Scalfi_Communio-2022-neon_red.jpg\" data-large_image_width=\"2720\" data-large_image_height=\"3500\" srcset=\"https:\/\/annissima.com\/wp-content\/uploads\/2023\/04\/Scalfi_Communio-2022-neon_red-510x656.jpg 510w, https:\/\/annissima.com\/wp-content\/uploads\/2023\/04\/Scalfi_Communio-2022-neon_red-233x300.jpg 233w, https:\/\/annissima.com\/wp-content\/uploads\/2023\/04\/Scalfi_Communio-2022-neon_red-796x1024.jpg 796w, https:\/\/annissima.com\/wp-content\/uploads\/2023\/04\/Scalfi_Communio-2022-neon_red-768x988.jpg 768w, https:\/\/annissima.com\/wp-content\/uploads\/2023\/04\/Scalfi_Communio-2022-neon_red-1194x1536.jpg 1194w, https:\/\/annissima.com\/wp-content\/uploads\/2023\/04\/Scalfi_Communio-2022-neon_red-1592x2048.jpg 1592w\" sizes=\"auto, (max-width: 510px) 100vw, 510px\" \/><\/a><\/div><div data-thumb=\"https:\/\/annissima.com\/wp-content\/uploads\/2023\/07\/Scalfi_Eghenter_2022_Communio-pro-indiviso_neon-100x100.png\" data-thumb-alt=\"Communio pro-indiviso (2022) \/ Anna Scalfi Eghenter\" class=\"woocommerce-product-gallery__image slide\"><a href=\"https:\/\/annissima.com\/wp-content\/uploads\/2023\/07\/Scalfi_Eghenter_2022_Communio-pro-indiviso_neon.png\"><img loading=\"lazy\" decoding=\"async\" width=\"510\" height=\"86\" src=\"https:\/\/annissima.com\/wp-content\/uploads\/2023\/07\/Scalfi_Eghenter_2022_Communio-pro-indiviso_neon-510x86.png\" class=\"skip-lazy\" alt=\"Communio pro-indiviso (2022) \/ Anna Scalfi Eghenter\" title=\"Scalfi_Eghenter_2022_Communio pro indiviso_neon\" data-caption=\"\" data-src=\"https:\/\/annissima.com\/wp-content\/uploads\/2023\/07\/Scalfi_Eghenter_2022_Communio-pro-indiviso_neon.png\" data-large_image=\"https:\/\/annissima.com\/wp-content\/uploads\/2023\/07\/Scalfi_Eghenter_2022_Communio-pro-indiviso_neon.png\" data-large_image_width=\"2250\" data-large_image_height=\"380\" srcset=\"https:\/\/annissima.com\/wp-content\/uploads\/2023\/07\/Scalfi_Eghenter_2022_Communio-pro-indiviso_neon-510x86.png 510w, https:\/\/annissima.com\/wp-content\/uploads\/2023\/07\/Scalfi_Eghenter_2022_Communio-pro-indiviso_neon-300x51.png 300w, https:\/\/annissima.com\/wp-content\/uploads\/2023\/07\/Scalfi_Eghenter_2022_Communio-pro-indiviso_neon-1024x173.png 1024w, https:\/\/annissima.com\/wp-content\/uploads\/2023\/07\/Scalfi_Eghenter_2022_Communio-pro-indiviso_neon-768x130.png 768w, https:\/\/annissima.com\/wp-content\/uploads\/2023\/07\/Scalfi_Eghenter_2022_Communio-pro-indiviso_neon-1536x259.png 1536w, https:\/\/annissima.com\/wp-content\/uploads\/2023\/07\/Scalfi_Eghenter_2022_Communio-pro-indiviso_neon-2048x346.png 2048w\" sizes=\"auto, (max-width: 510px) 100vw, 510px\" \/><\/a><\/div>  <\/figure>\n\n  <div class=\"image-tools absolute bottom left z-3\">\n        <a href=\"#product-zoom\" class=\"zoom-button button is-outline circle icon tooltip hide-for-small\" title=\"Zoom\">\n      <i class=\"icon-expand\" ><\/i>    <\/a>\n   <\/div>\n<\/div>\n\n\t<div class=\"product-thumbnails thumbnails slider-no-arrows slider row row-small row-slider slider-nav-small small-columns-4\"\n\t\tdata-flickity-options='{\n\t\t\t\"cellAlign\": \"left\",\n\t\t\t\"wrapAround\": false,\n\t\t\t\"autoPlay\": false,\n\t\t\t\"prevNextButtons\": true,\n\t\t\t\"asNavFor\": \".product-gallery-slider\",\n\t\t\t\"percentPosition\": true,\n\t\t\t\"imagesLoaded\": true,\n\t\t\t\"pageDots\": false,\n\t\t\t\"rightToLeft\": false,\n\t\t\t\"contain\": true\n\t\t}'>\n\t\t\t\t\t<div class=\"col is-nav-selected first\">\n\t\t\t\t<a>\n\t\t\t\t\t<img loading=\"lazy\" decoding=\"async\" src=\"https:\/\/annissima.com\/wp-content\/uploads\/2023\/08\/Scalfi-Communio-2022-neon-247x296.png\" alt=\"\" width=\"247\" height=\"296\" class=\"attachment-woocommerce_thumbnail\" \/>\t\t\t\t<\/a>\n\t\t\t<\/div><div class=\"col\"><a><img loading=\"lazy\" decoding=\"async\" src=\"https:\/\/annissima.com\/wp-content\/uploads\/2023\/04\/Scalfi_Communio-2022-neon_red-247x296.jpg\" alt=\"\" width=\"247\" height=\"296\"  class=\"attachment-woocommerce_thumbnail\" \/><\/a><\/div><div class=\"col\"><a><img loading=\"lazy\" decoding=\"async\" src=\"https:\/\/annissima.com\/wp-content\/uploads\/2023\/07\/Scalfi_Eghenter_2022_Communio-pro-indiviso_neon-247x296.png\" alt=\"Communio pro-indiviso (2022) \/ Anna Scalfi Eghenter\" width=\"247\" height=\"296\"  class=\"attachment-woocommerce_thumbnail\" \/><\/a><\/div>\t<\/div>\n\t    \t<\/div>\n\n    \t<div class=\"product-info summary col-fit col entry-summary product-summary\">\n\n    \t\t<nav class=\"woocommerce-breadcrumb breadcrumbs uppercase\"><a href=\"https:\/\/annissima.com\/fr\/\">Accueil<\/a> <span class=\"divider\">&#47;<\/span> <a href=\"https:\/\/annissima.com\/fr\/categoria-prodotto\/artworks\/\">Artworks<\/a><\/nav><h1 class=\"product-title product_title entry-title\">\n\tCommunio pro-indiviso (2022) \/ Anna Scalfi Eghenter<\/h1>\n\n<div class=\"product-short-description\">\n\t<div><strong>CARACT\u00c9RISTIQUES TECHNIQUES POUR CHAQUE TABLEAU : \u00a0<\/strong><br \/>\n<strong>LAMPE<\/strong> \u00e9l\u00e9ment en fil de n\u00e9on<\/div>\n<div><strong>DIMENSIONS<\/strong> 14 x 3 x 9,5 cm avec approximation artisanale<br \/>\n<strong>MAT\u00c9RIAU<\/strong> tubes d&rsquo;\u00e9clairage \u00e0 cathode froide en verre de cristal form\u00e9 \u00e0 la main, diam\u00e8tre 15 mm, technique de soudage avec feuillure r\u00e9alis\u00e9e dans les ateliers &lsquo;Neon Lauro 1956&rsquo;.<br \/>\n<strong>COULEUR<\/strong> transparent lumineux rouge<br \/>\n<strong>LUMINOSIT\u00c9<\/strong> d&rsquo;un \u00e9l\u00e9ment : 400 bougies par m\u00e8tre carr\u00e9<br \/>\n<strong>ACCESSOIRES<\/strong> n\u00e9cessaires \u00e0 l&rsquo;installation, supports, couvercles d&rsquo;\u00e9lectrodes en verre isolant, c\u00e2bles A.T.<br \/>\n<strong>TRANSFORMATEUR<\/strong> de puissance ad\u00e9quate par rapport au nombre d&rsquo;\u00e9l\u00e9ments acquis<\/div>\n<div><strong>SOLUTION<\/strong> pour usage int\u00e9rieur\/ext\u00e9rieur<br \/>\n<strong>MANUEL<\/strong> pour l&rsquo;installation, l&rsquo;utilisation et l&rsquo;entretien<br \/>\n<strong>CERTIFICAT<\/strong> d&rsquo;authentification<br \/>\n<strong>EMBALLAGE<\/strong> caisse en bois sur mesure adapt\u00e9e au transport international, en fonction du nombre d&rsquo;\u00e9l\u00e9ments acquis<\/div>\n<\/div>\n<div class=\"price-wrapper\">\n\t<p class=\"price product-page-price price-not-in-stock\">\n  <span class=\"woocommerce-Price-amount amount\"><bdi><span class=\"woocommerce-Price-currencySymbol\">&euro;<\/span>5,000.00<\/bdi><\/span><\/p>\n<\/div>\n <p class=\"stock out-of-stock\">Rupture de stock<\/p>\n<div class=\"product_meta\">\n\n\t\n\t\n\t<span class=\"posted_in\">Cat\u00e9gorie\u00a0: <a href=\"https:\/\/annissima.com\/fr\/categoria-prodotto\/artworks\/\" rel=\"tag\">Artworks<\/a><\/span>\n\t\n\t\n<\/div>\n<div class=\"social-icons share-icons share-row relative\" ><a href=\"whatsapp:\/\/send?text=Communio%20pro-indiviso%20%282022%29%20%2F%20Anna%20Scalfi%20Eghenter - https:\/\/annissima.com\/fr\/prodotto\/communio-pro-indiviso-2022-anna-scalfi-eghenter\/\" data-action=\"share\/whatsapp\/share\" class=\"icon button circle is-outline tooltip whatsapp show-for-medium\" title=\"Share on WhatsApp\" aria-label=\"Share on WhatsApp\"><i class=\"icon-whatsapp\"><\/i><\/a><a href=\"https:\/\/www.facebook.com\/sharer.php?u=https:\/\/annissima.com\/fr\/prodotto\/communio-pro-indiviso-2022-anna-scalfi-eghenter\/\" data-label=\"Facebook\" onclick=\"window.open(this.href,this.title,'width=500,height=500,top=300px,left=300px');  return false;\" rel=\"noopener noreferrer nofollow\" target=\"_blank\" class=\"icon button circle is-outline tooltip facebook\" title=\"Partager sur Facebook\" aria-label=\"Partager sur Facebook\"><i class=\"icon-facebook\" ><\/i><\/a><a href=\"https:\/\/twitter.com\/share?url=https:\/\/annissima.com\/fr\/prodotto\/communio-pro-indiviso-2022-anna-scalfi-eghenter\/\" onclick=\"window.open(this.href,this.title,'width=500,height=500,top=300px,left=300px');  return false;\" rel=\"noopener noreferrer nofollow\" target=\"_blank\" class=\"icon button circle is-outline tooltip twitter\" title=\"Partager sur Twitter\" aria-label=\"Partager sur Twitter\"><i class=\"icon-twitter\" ><\/i><\/a><a href=\"mailto:enteryour@addresshere.com?subject=Communio%20pro-indiviso%20%282022%29%20%2F%20Anna%20Scalfi%20Eghenter&amp;body=Check%20this%20out:%20https:\/\/annissima.com\/fr\/prodotto\/communio-pro-indiviso-2022-anna-scalfi-eghenter\/\" rel=\"nofollow\" class=\"icon button circle is-outline tooltip email\" title=\"Envoyer par mail\" aria-label=\"Envoyer par mail\"><i class=\"icon-envelop\" ><\/i><\/a><a href=\"https:\/\/pinterest.com\/pin\/create\/button\/?url=https:\/\/annissima.com\/fr\/prodotto\/communio-pro-indiviso-2022-anna-scalfi-eghenter\/&amp;media=https:\/\/annissima.com\/wp-content\/uploads\/2023\/08\/Scalfi-Communio-2022-neon.png&amp;description=Communio%20pro-indiviso%20%282022%29%20%2F%20Anna%20Scalfi%20Eghenter\" onclick=\"window.open(this.href,this.title,'width=500,height=500,top=300px,left=300px');  return false;\" rel=\"noopener noreferrer nofollow\" target=\"_blank\" class=\"icon button circle is-outline tooltip pinterest\" title=\"Epingler sur Pinterest\" aria-label=\"Epingler sur Pinterest\"><i class=\"icon-pinterest\" ><\/i><\/a><a href=\"https:\/\/www.linkedin.com\/shareArticle?mini=true&url=https:\/\/annissima.com\/fr\/prodotto\/communio-pro-indiviso-2022-anna-scalfi-eghenter\/&title=Communio%20pro-indiviso%20%282022%29%20%2F%20Anna%20Scalfi%20Eghenter\" onclick=\"window.open(this.href,this.title,'width=500,height=500,top=300px,left=300px');  return false;\"  rel=\"noopener noreferrer nofollow\" target=\"_blank\" class=\"icon button circle is-outline tooltip linkedin\" title=\"Share on LinkedIn\" aria-label=\"Share on LinkedIn\"><i class=\"icon-linkedin\" ><\/i><\/a><\/div>\n    \t<\/div>\n\n    \t<div id=\"product-sidebar\" class=\"mfp-hide\">\n    \t\t<div class=\"sidebar-inner\">\n    \t\t\t    \t\t<\/div>\n    \t<\/div>\n\n    <\/div>\n  <\/div>\n\n  <div class=\"product-footer\">\n  \t<div class=\"container\">\n    \t\t\n\t<div class=\"woocommerce-tabs wc-tabs-wrapper container tabbed-content\">\n\t\t<ul class=\"tabs wc-tabs product-tabs small-nav-collapse nav nav-uppercase nav-line nav-left\" role=\"tablist\">\n\t\t\t\t\t\t\t<li class=\"description_tab active\" id=\"tab-title-description\" role=\"presentation\">\n\t\t\t\t\t<a href=\"#tab-description\" role=\"tab\" aria-selected=\"true\" aria-controls=\"tab-description\">\n\t\t\t\t\t\tDescription\t\t\t\t\t<\/a>\n\t\t\t\t<\/li>\n\t\t\t\t\t\t\t\t\t\t\t<li class=\"additional_information_tab \" id=\"tab-title-additional_information\" role=\"presentation\">\n\t\t\t\t\t<a href=\"#tab-additional_information\" role=\"tab\" aria-selected=\"false\" aria-controls=\"tab-additional_information\" tabindex=\"-1\">\n\t\t\t\t\t\tInformations compl\u00e9mentaires\t\t\t\t\t<\/a>\n\t\t\t\t<\/li>\n\t\t\t\t\t\t\t\t\t<\/ul>\n\t\t<div class=\"tab-panels\">\n\t\t\t\t\t\t\t<div class=\"woocommerce-Tabs-panel woocommerce-Tabs-panel--description panel entry-content active\" id=\"tab-description\" role=\"tabpanel\" aria-labelledby=\"tab-title-description\">\n\t\t\t\t\t\t\t\t\t\t\n\n<div><strong>CARACT\u00c9RISTIQUES TECHNIQUES POUR CHAQUE TABLEAU : \u00a0<\/strong><br \/>\n<strong>LAMPE<\/strong> \u00e9l\u00e9ment en fil de n\u00e9on<\/div>\n<div><strong>DIMENSIONS<\/strong> 14 x 3 x 9,5 cm avec approximation artisanale<br \/>\n<strong>MAT\u00c9RIAU<\/strong> tubes d&rsquo;\u00e9clairage \u00e0 cathode froide en verre de cristal form\u00e9 \u00e0 la main, diam\u00e8tre 15 mm, technique de soudage avec feuillure r\u00e9alis\u00e9e dans les ateliers &lsquo;Neon Lauro 1956&rsquo;.<br \/>\n<strong>COULEUR<\/strong> transparent lumineux rouge<br \/>\n<strong>LUMINOSIT\u00c9<\/strong> d&rsquo;un \u00e9l\u00e9ment : 400 bougies par m\u00e8tre carr\u00e9<br \/>\n<strong>ACCESSOIRES<\/strong> n\u00e9cessaires \u00e0 l&rsquo;installation, supports, couvercles d&rsquo;\u00e9lectrodes en verre isolant, c\u00e2bles A.T.<br \/>\n<strong>TRANSFORMATEUR<\/strong> de puissance ad\u00e9quate par rapport au nombre d&rsquo;\u00e9l\u00e9ments acquis<\/div>\n<div><strong>SOLUTION<\/strong> pour usage int\u00e9rieur\/ext\u00e9rieur<br \/>\n<strong>MANUEL<\/strong> pour l&rsquo;installation, l&rsquo;utilisation et l&rsquo;entretien<br \/>\n<strong>CERTIFICAT<\/strong> d&rsquo;authentification<br \/>\n<strong>EMBALLAGE<\/strong> caisse en bois sur mesure adapt\u00e9e au transport international, en fonction du nombre d&rsquo;\u00e9l\u00e9ments acquis<\/div>\n\t\t\t\t<\/div>\n\t\t\t\t\t\t\t\t\t\t\t<div class=\"woocommerce-Tabs-panel woocommerce-Tabs-panel--additional_information panel entry-content \" id=\"tab-additional_information\" role=\"tabpanel\" aria-labelledby=\"tab-title-additional_information\">\n\t\t\t\t\t\t\t\t\t\t\n\n<table class=\"woocommerce-product-attributes shop_attributes\" aria-label=\"D\u00e9tails du produit\">\n\t\t\t<tr class=\"woocommerce-product-attributes-item woocommerce-product-attributes-item--weight\">\n\t\t\t<th class=\"woocommerce-product-attributes-item__label\" scope=\"row\">Poids<\/th>\n\t\t\t<td class=\"woocommerce-product-attributes-item__value\">2 kg<\/td>\n\t\t<\/tr>\n\t\t\t<tr class=\"woocommerce-product-attributes-item woocommerce-product-attributes-item--dimensions\">\n\t\t\t<th class=\"woocommerce-product-attributes-item__label\" scope=\"row\">Dimensions<\/th>\n\t\t\t<td class=\"woocommerce-product-attributes-item__value\">60 &times; 40 &times; 40 cm<\/td>\n\t\t<\/tr>\n\t<\/table>\n\t\t\t\t<\/div>\n\t\t\t\t\t\t\t\n\t\t\t\t\t<\/div>\n\t<\/div>\n\n    <\/div>\n  <\/div>\n<\/div>\n<\/div>\n\t\t\t<\/div>\n\t\t\t<\/div>\n\n\t\t<\/div>\n\t\t\t\t\t<\/div>\n\n\t\n<\/div>\n\t\t<\/div>\n\t\t\t\t\n<style>\n#col-336682605 > .col-inner {\n  padding: 30px 16px 25px 16px;\n}\n<\/style>\n\t<\/div>\n\n\t\n<\/div>\n","protected":false},"excerpt":{"rendered":"","protected":false},"author":1,"featured_media":0,"parent":0,"menu_order":0,"comment_status":"closed","ping_status":"closed","template":"page-blank.php","meta":{"om_disable_all_campaigns":false,"_monsterinsights_skip_tracking":false,"_monsterinsights_sitenote_active":false,"_monsterinsights_sitenote_note":"","_monsterinsights_sitenote_category":0,"footnotes":""},"class_list":["post-347","page","type-page","status-publish","hentry"],"yoast_head":"<!-- This site is optimized with the Yoast SEO plugin v26.7 - https:\/\/yoast.com\/wordpress\/plugins\/seo\/ -->\n<title>Pour devenir communiste - Annissima<\/title>\n<meta name=\"robots\" content=\"noindex, nofollow\" \/>\n<meta property=\"og:locale\" content=\"fr_FR\" \/>\n<meta property=\"og:type\" content=\"article\" \/>\n<meta property=\"og:title\" content=\"Pour devenir communiste - Annissima\" \/>\n<meta property=\"og:url\" content=\"https:\/\/annissima.com\/fr\/pour-devenir-communiste\/\" \/>\n<meta property=\"og:site_name\" content=\"Annissima\" \/>\n<meta property=\"article:modified_time\" content=\"2023-07-24T08:06:48+00:00\" \/>\n<meta property=\"og:image\" content=\"https:\/\/annissima.com\/wp-content\/uploads\/2023\/05\/annissima_logo_email.png\" \/>\n\t<meta property=\"og:image:width\" content=\"150\" \/>\n\t<meta property=\"og:image:height\" content=\"39\" \/>\n\t<meta property=\"og:image:type\" content=\"image\/png\" \/>\n<meta name=\"twitter:card\" content=\"summary_large_image\" \/>\n<meta name=\"twitter:label1\" content=\"Dur\u00e9e de lecture estim\u00e9e\" \/>\n\t<meta name=\"twitter:data1\" content=\"1 minute\" \/>\n<script type=\"application\/ld+json\" class=\"yoast-schema-graph\">{\"@context\":\"https:\/\/schema.org\",\"@graph\":[{\"@type\":\"WebPage\",\"@id\":\"https:\/\/annissima.com\/fr\/pour-devenir-communiste\/\",\"url\":\"https:\/\/annissima.com\/fr\/pour-devenir-communiste\/\",\"name\":\"Pour devenir communiste - Annissima\",\"isPartOf\":{\"@id\":\"https:\/\/annissima.com\/fr\/#website\"},\"datePublished\":\"2023-05-18T08:06:09+00:00\",\"dateModified\":\"2023-07-24T08:06:48+00:00\",\"breadcrumb\":{\"@id\":\"https:\/\/annissima.com\/fr\/pour-devenir-communiste\/#breadcrumb\"},\"inLanguage\":\"fr-FR\",\"potentialAction\":[{\"@type\":\"ReadAction\",\"target\":[\"https:\/\/annissima.com\/fr\/pour-devenir-communiste\/\"]}]},{\"@type\":\"BreadcrumbList\",\"@id\":\"https:\/\/annissima.com\/fr\/pour-devenir-communiste\/#breadcrumb\",\"itemListElement\":[{\"@type\":\"ListItem\",\"position\":1,\"name\":\"Home\",\"item\":\"https:\/\/annissima.com\/fr\/\"},{\"@type\":\"ListItem\",\"position\":2,\"name\":\"Pour devenir communiste\"}]},{\"@type\":\"WebSite\",\"@id\":\"https:\/\/annissima.com\/fr\/#website\",\"url\":\"https:\/\/annissima.com\/fr\/\",\"name\":\"Annissima\",\"description\":\"\",\"publisher\":{\"@id\":\"https:\/\/annissima.com\/fr\/#\/schema\/person\/20ddb9283bed1379c30ee673559b9e9e\"},\"potentialAction\":[{\"@type\":\"SearchAction\",\"target\":{\"@type\":\"EntryPoint\",\"urlTemplate\":\"https:\/\/annissima.com\/fr\/?s={search_term_string}\"},\"query-input\":{\"@type\":\"PropertyValueSpecification\",\"valueRequired\":true,\"valueName\":\"search_term_string\"}}],\"inLanguage\":\"fr-FR\"},{\"@type\":[\"Person\",\"Organization\"],\"@id\":\"https:\/\/annissima.com\/fr\/#\/schema\/person\/20ddb9283bed1379c30ee673559b9e9e\",\"name\":\"Anna Scalfi\",\"image\":{\"@type\":\"ImageObject\",\"inLanguage\":\"fr-FR\",\"@id\":\"https:\/\/annissima.com\/fr\/#\/schema\/person\/image\/\",\"url\":\"https:\/\/annissima.com\/wp-content\/uploads\/2023\/05\/annissima_logo_email.png\",\"contentUrl\":\"https:\/\/annissima.com\/wp-content\/uploads\/2023\/05\/annissima_logo_email.png\",\"width\":150,\"height\":39,\"caption\":\"Anna Scalfi\"},\"logo\":{\"@id\":\"https:\/\/annissima.com\/fr\/#\/schema\/person\/image\/\"}}]}<\/script>\n<!-- \/ Yoast SEO plugin. -->","yoast_head_json":{"title":"Pour devenir communiste - Annissima","robots":{"index":"noindex","follow":"nofollow"},"og_locale":"fr_FR","og_type":"article","og_title":"Pour devenir communiste - Annissima","og_url":"https:\/\/annissima.com\/fr\/pour-devenir-communiste\/","og_site_name":"Annissima","article_modified_time":"2023-07-24T08:06:48+00:00","og_image":[{"width":150,"height":39,"url":"https:\/\/annissima.com\/wp-content\/uploads\/2023\/05\/annissima_logo_email.png","type":"image\/png"}],"twitter_card":"summary_large_image","twitter_misc":{"Dur\u00e9e de lecture estim\u00e9e":"1 minute"},"schema":{"@context":"https:\/\/schema.org","@graph":[{"@type":"WebPage","@id":"https:\/\/annissima.com\/fr\/pour-devenir-communiste\/","url":"https:\/\/annissima.com\/fr\/pour-devenir-communiste\/","name":"Pour devenir communiste - Annissima","isPartOf":{"@id":"https:\/\/annissima.com\/fr\/#website"},"datePublished":"2023-05-18T08:06:09+00:00","dateModified":"2023-07-24T08:06:48+00:00","breadcrumb":{"@id":"https:\/\/annissima.com\/fr\/pour-devenir-communiste\/#breadcrumb"},"inLanguage":"fr-FR","potentialAction":[{"@type":"ReadAction","target":["https:\/\/annissima.com\/fr\/pour-devenir-communiste\/"]}]},{"@type":"BreadcrumbList","@id":"https:\/\/annissima.com\/fr\/pour-devenir-communiste\/#breadcrumb","itemListElement":[{"@type":"ListItem","position":1,"name":"Home","item":"https:\/\/annissima.com\/fr\/"},{"@type":"ListItem","position":2,"name":"Pour devenir communiste"}]},{"@type":"WebSite","@id":"https:\/\/annissima.com\/fr\/#website","url":"https:\/\/annissima.com\/fr\/","name":"Annissima","description":"","publisher":{"@id":"https:\/\/annissima.com\/fr\/#\/schema\/person\/20ddb9283bed1379c30ee673559b9e9e"},"potentialAction":[{"@type":"SearchAction","target":{"@type":"EntryPoint","urlTemplate":"https:\/\/annissima.com\/fr\/?s={search_term_string}"},"query-input":{"@type":"PropertyValueSpecification","valueRequired":true,"valueName":"search_term_string"}}],"inLanguage":"fr-FR"},{"@type":["Person","Organization"],"@id":"https:\/\/annissima.com\/fr\/#\/schema\/person\/20ddb9283bed1379c30ee673559b9e9e","name":"Anna Scalfi","image":{"@type":"ImageObject","inLanguage":"fr-FR","@id":"https:\/\/annissima.com\/fr\/#\/schema\/person\/image\/","url":"https:\/\/annissima.com\/wp-content\/uploads\/2023\/05\/annissima_logo_email.png","contentUrl":"https:\/\/annissima.com\/wp-content\/uploads\/2023\/05\/annissima_logo_email.png","width":150,"height":39,"caption":"Anna Scalfi"},"logo":{"@id":"https:\/\/annissima.com\/fr\/#\/schema\/person\/image\/"}}]}},"_links":{"self":[{"href":"https:\/\/annissima.com\/fr\/wp-json\/wp\/v2\/pages\/347","targetHints":{"allow":["GET"]}}],"collection":[{"href":"https:\/\/annissima.com\/fr\/wp-json\/wp\/v2\/pages"}],"about":[{"href":"https:\/\/annissima.com\/fr\/wp-json\/wp\/v2\/types\/page"}],"author":[{"embeddable":true,"href":"https:\/\/annissima.com\/fr\/wp-json\/wp\/v2\/users\/1"}],"replies":[{"embeddable":true,"href":"https:\/\/annissima.com\/fr\/wp-json\/wp\/v2\/comments?post=347"}],"version-history":[{"count":13,"href":"https:\/\/annissima.com\/fr\/wp-json\/wp\/v2\/pages\/347\/revisions"}],"predecessor-version":[{"id":449,"href":"https:\/\/annissima.com\/fr\/wp-json\/wp\/v2\/pages\/347\/revisions\/449"}],"wp:attachment":[{"href":"https:\/\/annissima.com\/fr\/wp-json\/wp\/v2\/media?parent=347"}],"curies":[{"name":"wp","href":"https:\/\/api.w.org\/{rel}","templated":true}]}}