{"id":340,"date":"2023-04-13T21:39:51","date_gmt":"2023-04-13T20:39:51","guid":{"rendered":"https:\/\/annissima.com\/product\/neon\/"},"modified":"2023-08-30T09:22:06","modified_gmt":"2023-08-30T08:22:06","slug":"communio-pro-indiviso-2022-anna-scalfi-eghenter","status":"publish","type":"product","link":"https:\/\/annissima.com\/es\/prodotto\/communio-pro-indiviso-2022-anna-scalfi-eghenter\/","title":{"rendered":"Communio pro-indiviso (2022) \/ Anna Scalfi Eghenter"},"content":{"rendered":"<div><strong>CARACTER\u00cdSTICAS T\u00c9CNICAS DE CADA CUADRO:\u00a0<\/strong><\/div>\n<div><strong>L\u00c1MPARA<\/strong> elemento de hilo de ne\u00f3n<br \/>\n<strong>DIMENSIONES<\/strong> 14 x 3 x 9,5 cm con aproximaci\u00f3n artesanal<br \/>\n<strong>MATERIAL<\/strong> tubos de iluminaci\u00f3n de c\u00e1todo fr\u00edo de vidrio cristal formado a mano, di\u00e1metro 15 mm, t\u00e9cnica de soldadura con rebaje realizados en los talleres de &#8216;Neon Lauro 1956&#8217;.<br \/>\n<strong>COLOR<\/strong> transparente con brillo rojo<\/div>\n<div><strong>BRILLO<\/strong> de un elemento: 400 candelas por metro cuadrado<br \/>\n<strong>ACCESORIOS<\/strong> necesarios para la instalaci\u00f3n, soportes, cubreelectrodos de vidrio aislante, cables de A.T.<br \/>\n<strong>TRANSFORMADOR<\/strong> de potencia adecuada en relaci\u00f3n al n\u00famero de elementos adquiridos<br \/>\n<strong>SOLUCI\u00d3N<\/strong> para interior\/exterior<br \/>\n<strong>MANUAL<\/strong> \u00a0de instalaci\u00f3n, uso y mantenimiento<br \/>\n<strong>CERTIFICADO<\/strong> de autentificaci\u00f3n<\/div>\n<div><strong>EMBALAJE<\/strong> caja de madera a medida apta para transporte internacional, en funci\u00f3n del n\u00famero de elementos adquiridos<\/div>\n","protected":false},"excerpt":{"rendered":"<div><strong>CARACTER\u00cdSTICAS T\u00c9CNICAS DE CADA CUADRO:\u00a0<\/strong><\/div>\n<div><strong>L\u00c1MPARA<\/strong> elemento de hilo de ne\u00f3n<br \/>\n<strong>DIMENSIONES<\/strong> 14 x 3 x 9,5 cm con aproximaci\u00f3n artesanal<br \/>\n<strong>MATERIAL<\/strong> tubos de iluminaci\u00f3n de c\u00e1todo fr\u00edo de vidrio cristal formado a mano, di\u00e1metro 15 mm, t\u00e9cnica de soldadura con rebaje realizados en los talleres de &#8216;Neon Lauro 1956&#8217;.<br \/>\n<strong>COLOR<\/strong> transparente con brillo rojo<\/div>\n<div><strong>BRILLO<\/strong> de un elemento: 400 candelas por metro cuadrado<br \/>\n<strong>ACCESORIOS<\/strong> necesarios para la instalaci\u00f3n, soportes, cubreelectrodos de vidrio aislante, cables de A.T.<br \/>\n<strong>TRANSFORMADOR<\/strong> de potencia adecuada en relaci\u00f3n al n\u00famero de elementos adquiridos<br \/>\n<strong>SOLUCI\u00d3N<\/strong> para interior\/exterior<br \/>\n<strong>MANUAL<\/strong> \u00a0de instalaci\u00f3n, uso y mantenimiento<br \/>\n<strong>CERTIFICADO<\/strong> de autentificaci\u00f3n<\/div>\n<div><strong>EMBALAJE<\/strong> caja de madera a medida apta para transporte internacional, en funci\u00f3n del n\u00famero de elementos adquiridos<\/div>\n","protected":false},"featured_media":709,"template":"","meta":{"om_disable_all_campaigns":false,"_monsterinsights_skip_tracking":false,"_monsterinsights_sitenote_active":false,"_monsterinsights_sitenote_note":"","_monsterinsights_sitenote_category":0},"product_brand":[],"product_cat":[47],"product_tag":[],"class_list":{"0":"post-340","1":"product","2":"type-product","3":"status-publish","4":"has-post-thumbnail","6":"product_cat-artworks","8":"first","9":"outofstock","10":"shipping-taxable","11":"purchasable","12":"product-type-simple"},"yoast_head":"<!-- This site is optimized with the Yoast SEO plugin v26.7 - https:\/\/yoast.com\/wordpress\/plugins\/seo\/ -->\n<title>Communio pro-indiviso (2022) \/ Anna Scalfi Eghenter - Annissima<\/title>\n<meta name=\"robots\" content=\"noindex, follow\" \/>\n<meta property=\"og:locale\" content=\"es_ES\" \/>\n<meta property=\"og:type\" content=\"article\" \/>\n<meta property=\"og:title\" content=\"Communio pro-indiviso (2022) \/ Anna Scalfi Eghenter - Annissima\" \/>\n<meta property=\"og:description\" content=\"CARACTER\u00cdSTICAS T\u00c9CNICAS DE CADA CUADRO:\u00a0 L\u00c1MPARA elemento de hilo de ne\u00f3n DIMENSIONES 14 x 3 x 9,5 cm con aproximaci\u00f3n artesanal MATERIAL tubos de iluminaci\u00f3n de c\u00e1todo fr\u00edo de vidrio cristal formado a mano, di\u00e1metro 15 mm, t\u00e9cnica de soldadura con rebaje realizados en los talleres de &#039;Neon Lauro 1956&#039;. COLOR transparente con brillo rojo BRILLO de un elemento: 400 candelas por metro cuadrado ACCESORIOS necesarios para la instalaci\u00f3n, soportes, cubreelectrodos de vidrio aislante, cables de A.T. TRANSFORMADOR de potencia adecuada en relaci\u00f3n al n\u00famero de elementos adquiridos SOLUCI\u00d3N para interior\/exterior MANUAL \u00a0de instalaci\u00f3n, uso y mantenimiento CERTIFICADO de autentificaci\u00f3n EMBALAJE caja de madera a medida apta para transporte internacional, en funci\u00f3n del n\u00famero de elementos adquiridos\" \/>\n<meta property=\"og:url\" content=\"https:\/\/annissima.com\/es\/prodotto\/communio-pro-indiviso-2022-anna-scalfi-eghenter\/\" \/>\n<meta property=\"og:site_name\" content=\"Annissima\" \/>\n<meta property=\"article:modified_time\" content=\"2023-08-30T08:22:06+00:00\" \/>\n<meta property=\"og:image\" content=\"https:\/\/annissima.com\/wp-content\/uploads\/2023\/08\/Scalfi-Communio-2022-neon.png\" \/>\n\t<meta property=\"og:image:width\" content=\"779\" \/>\n\t<meta property=\"og:image:height\" content=\"1008\" \/>\n\t<meta property=\"og:image:type\" content=\"image\/png\" \/>\n<meta name=\"twitter:card\" content=\"summary_large_image\" \/>\n<meta name=\"twitter:label1\" content=\"Tiempo de lectura\" \/>\n\t<meta name=\"twitter:data1\" content=\"1 minuto\" \/>\n<script type=\"application\/ld+json\" class=\"yoast-schema-graph\">{\"@context\":\"https:\/\/schema.org\",\"@graph\":[{\"@type\":\"WebPage\",\"@id\":\"https:\/\/annissima.com\/es\/prodotto\/communio-pro-indiviso-2022-anna-scalfi-eghenter\/\",\"url\":\"https:\/\/annissima.com\/es\/prodotto\/communio-pro-indiviso-2022-anna-scalfi-eghenter\/\",\"name\":\"Communio pro-indiviso (2022) \/ Anna Scalfi Eghenter - Annissima\",\"isPartOf\":{\"@id\":\"https:\/\/annissima.com\/es\/#website\"},\"primaryImageOfPage\":{\"@id\":\"https:\/\/annissima.com\/es\/prodotto\/communio-pro-indiviso-2022-anna-scalfi-eghenter\/#primaryimage\"},\"image\":{\"@id\":\"https:\/\/annissima.com\/es\/prodotto\/communio-pro-indiviso-2022-anna-scalfi-eghenter\/#primaryimage\"},\"thumbnailUrl\":\"https:\/\/annissima.com\/wp-content\/uploads\/2023\/08\/Scalfi-Communio-2022-neon.png\",\"datePublished\":\"2023-04-13T20:39:51+00:00\",\"dateModified\":\"2023-08-30T08:22:06+00:00\",\"breadcrumb\":{\"@id\":\"https:\/\/annissima.com\/es\/prodotto\/communio-pro-indiviso-2022-anna-scalfi-eghenter\/#breadcrumb\"},\"inLanguage\":\"es\",\"potentialAction\":[{\"@type\":\"ReadAction\",\"target\":[\"https:\/\/annissima.com\/es\/prodotto\/communio-pro-indiviso-2022-anna-scalfi-eghenter\/\"]}]},{\"@type\":\"ImageObject\",\"inLanguage\":\"es\",\"@id\":\"https:\/\/annissima.com\/es\/prodotto\/communio-pro-indiviso-2022-anna-scalfi-eghenter\/#primaryimage\",\"url\":\"https:\/\/annissima.com\/wp-content\/uploads\/2023\/08\/Scalfi-Communio-2022-neon.png\",\"contentUrl\":\"https:\/\/annissima.com\/wp-content\/uploads\/2023\/08\/Scalfi-Communio-2022-neon.png\",\"width\":779,\"height\":1008},{\"@type\":\"BreadcrumbList\",\"@id\":\"https:\/\/annissima.com\/es\/prodotto\/communio-pro-indiviso-2022-anna-scalfi-eghenter\/#breadcrumb\",\"itemListElement\":[{\"@type\":\"ListItem\",\"position\":1,\"name\":\"Home\",\"item\":\"https:\/\/annissima.com\/es\/\"},{\"@type\":\"ListItem\",\"position\":2,\"name\":\"Productos\",\"item\":\"https:\/\/annissima.com\/es\/shop\/\"},{\"@type\":\"ListItem\",\"position\":3,\"name\":\"Communio pro-indiviso (2022) \/ Anna Scalfi Eghenter\"}]},{\"@type\":\"WebSite\",\"@id\":\"https:\/\/annissima.com\/es\/#website\",\"url\":\"https:\/\/annissima.com\/es\/\",\"name\":\"Annissima\",\"description\":\"\",\"publisher\":{\"@id\":\"https:\/\/annissima.com\/es\/#\/schema\/person\/20ddb9283bed1379c30ee673559b9e9e\"},\"potentialAction\":[{\"@type\":\"SearchAction\",\"target\":{\"@type\":\"EntryPoint\",\"urlTemplate\":\"https:\/\/annissima.com\/es\/?s={search_term_string}\"},\"query-input\":{\"@type\":\"PropertyValueSpecification\",\"valueRequired\":true,\"valueName\":\"search_term_string\"}}],\"inLanguage\":\"es\"},{\"@type\":[\"Person\",\"Organization\"],\"@id\":\"https:\/\/annissima.com\/es\/#\/schema\/person\/20ddb9283bed1379c30ee673559b9e9e\",\"name\":\"Anna Scalfi\",\"image\":{\"@type\":\"ImageObject\",\"inLanguage\":\"es\",\"@id\":\"https:\/\/annissima.com\/es\/#\/schema\/person\/image\/\",\"url\":\"https:\/\/annissima.com\/wp-content\/uploads\/2023\/05\/annissima_logo_email.png\",\"contentUrl\":\"https:\/\/annissima.com\/wp-content\/uploads\/2023\/05\/annissima_logo_email.png\",\"width\":150,\"height\":39,\"caption\":\"Anna Scalfi\"},\"logo\":{\"@id\":\"https:\/\/annissima.com\/es\/#\/schema\/person\/image\/\"}}]}<\/script>\n<!-- \/ Yoast SEO plugin. -->","yoast_head_json":{"title":"Communio pro-indiviso (2022) \/ Anna Scalfi Eghenter - Annissima","robots":{"index":"noindex","follow":"follow"},"og_locale":"es_ES","og_type":"article","og_title":"Communio pro-indiviso (2022) \/ Anna Scalfi Eghenter - Annissima","og_description":"CARACTER\u00cdSTICAS T\u00c9CNICAS DE CADA CUADRO:\u00a0 L\u00c1MPARA elemento de hilo de ne\u00f3n DIMENSIONES 14 x 3 x 9,5 cm con aproximaci\u00f3n artesanal MATERIAL tubos de iluminaci\u00f3n de c\u00e1todo fr\u00edo de vidrio cristal formado a mano, di\u00e1metro 15 mm, t\u00e9cnica de soldadura con rebaje realizados en los talleres de 'Neon Lauro 1956'. COLOR transparente con brillo rojo BRILLO de un elemento: 400 candelas por metro cuadrado ACCESORIOS necesarios para la instalaci\u00f3n, soportes, cubreelectrodos de vidrio aislante, cables de A.T. TRANSFORMADOR de potencia adecuada en relaci\u00f3n al n\u00famero de elementos adquiridos SOLUCI\u00d3N para interior\/exterior MANUAL \u00a0de instalaci\u00f3n, uso y mantenimiento CERTIFICADO de autentificaci\u00f3n EMBALAJE caja de madera a medida apta para transporte internacional, en funci\u00f3n del n\u00famero de elementos adquiridos","og_url":"https:\/\/annissima.com\/es\/prodotto\/communio-pro-indiviso-2022-anna-scalfi-eghenter\/","og_site_name":"Annissima","article_modified_time":"2023-08-30T08:22:06+00:00","og_image":[{"width":779,"height":1008,"url":"https:\/\/annissima.com\/wp-content\/uploads\/2023\/08\/Scalfi-Communio-2022-neon.png","type":"image\/png"}],"twitter_card":"summary_large_image","twitter_misc":{"Tiempo de lectura":"1 minuto"},"schema":{"@context":"https:\/\/schema.org","@graph":[{"@type":"WebPage","@id":"https:\/\/annissima.com\/es\/prodotto\/communio-pro-indiviso-2022-anna-scalfi-eghenter\/","url":"https:\/\/annissima.com\/es\/prodotto\/communio-pro-indiviso-2022-anna-scalfi-eghenter\/","name":"Communio pro-indiviso (2022) \/ Anna Scalfi Eghenter - Annissima","isPartOf":{"@id":"https:\/\/annissima.com\/es\/#website"},"primaryImageOfPage":{"@id":"https:\/\/annissima.com\/es\/prodotto\/communio-pro-indiviso-2022-anna-scalfi-eghenter\/#primaryimage"},"image":{"@id":"https:\/\/annissima.com\/es\/prodotto\/communio-pro-indiviso-2022-anna-scalfi-eghenter\/#primaryimage"},"thumbnailUrl":"https:\/\/annissima.com\/wp-content\/uploads\/2023\/08\/Scalfi-Communio-2022-neon.png","datePublished":"2023-04-13T20:39:51+00:00","dateModified":"2023-08-30T08:22:06+00:00","breadcrumb":{"@id":"https:\/\/annissima.com\/es\/prodotto\/communio-pro-indiviso-2022-anna-scalfi-eghenter\/#breadcrumb"},"inLanguage":"es","potentialAction":[{"@type":"ReadAction","target":["https:\/\/annissima.com\/es\/prodotto\/communio-pro-indiviso-2022-anna-scalfi-eghenter\/"]}]},{"@type":"ImageObject","inLanguage":"es","@id":"https:\/\/annissima.com\/es\/prodotto\/communio-pro-indiviso-2022-anna-scalfi-eghenter\/#primaryimage","url":"https:\/\/annissima.com\/wp-content\/uploads\/2023\/08\/Scalfi-Communio-2022-neon.png","contentUrl":"https:\/\/annissima.com\/wp-content\/uploads\/2023\/08\/Scalfi-Communio-2022-neon.png","width":779,"height":1008},{"@type":"BreadcrumbList","@id":"https:\/\/annissima.com\/es\/prodotto\/communio-pro-indiviso-2022-anna-scalfi-eghenter\/#breadcrumb","itemListElement":[{"@type":"ListItem","position":1,"name":"Home","item":"https:\/\/annissima.com\/es\/"},{"@type":"ListItem","position":2,"name":"Productos","item":"https:\/\/annissima.com\/es\/shop\/"},{"@type":"ListItem","position":3,"name":"Communio pro-indiviso (2022) \/ Anna Scalfi Eghenter"}]},{"@type":"WebSite","@id":"https:\/\/annissima.com\/es\/#website","url":"https:\/\/annissima.com\/es\/","name":"Annissima","description":"","publisher":{"@id":"https:\/\/annissima.com\/es\/#\/schema\/person\/20ddb9283bed1379c30ee673559b9e9e"},"potentialAction":[{"@type":"SearchAction","target":{"@type":"EntryPoint","urlTemplate":"https:\/\/annissima.com\/es\/?s={search_term_string}"},"query-input":{"@type":"PropertyValueSpecification","valueRequired":true,"valueName":"search_term_string"}}],"inLanguage":"es"},{"@type":["Person","Organization"],"@id":"https:\/\/annissima.com\/es\/#\/schema\/person\/20ddb9283bed1379c30ee673559b9e9e","name":"Anna Scalfi","image":{"@type":"ImageObject","inLanguage":"es","@id":"https:\/\/annissima.com\/es\/#\/schema\/person\/image\/","url":"https:\/\/annissima.com\/wp-content\/uploads\/2023\/05\/annissima_logo_email.png","contentUrl":"https:\/\/annissima.com\/wp-content\/uploads\/2023\/05\/annissima_logo_email.png","width":150,"height":39,"caption":"Anna Scalfi"},"logo":{"@id":"https:\/\/annissima.com\/es\/#\/schema\/person\/image\/"}}]}},"_links":{"self":[{"href":"https:\/\/annissima.com\/es\/wp-json\/wp\/v2\/product\/340","targetHints":{"allow":["GET"]}}],"collection":[{"href":"https:\/\/annissima.com\/es\/wp-json\/wp\/v2\/product"}],"about":[{"href":"https:\/\/annissima.com\/es\/wp-json\/wp\/v2\/types\/product"}],"wp:featuredmedia":[{"embeddable":true,"href":"https:\/\/annissima.com\/es\/wp-json\/wp\/v2\/media\/709"}],"wp:attachment":[{"href":"https:\/\/annissima.com\/es\/wp-json\/wp\/v2\/media?parent=340"}],"wp:term":[{"taxonomy":"product_brand","embeddable":true,"href":"https:\/\/annissima.com\/es\/wp-json\/wp\/v2\/product_brand?post=340"},{"taxonomy":"product_cat","embeddable":true,"href":"https:\/\/annissima.com\/es\/wp-json\/wp\/v2\/product_cat?post=340"},{"taxonomy":"product_tag","embeddable":true,"href":"https:\/\/annissima.com\/es\/wp-json\/wp\/v2\/product_tag?post=340"}],"curies":[{"name":"wp","href":"https:\/\/api.w.org\/{rel}","templated":true}]}}