{"id":335,"date":"2023-05-18T09:06:09","date_gmt":"2023-05-18T08:06:09","guid":{"rendered":"https:\/\/annissima.com\/per-diventare-comunista\/"},"modified":"2023-07-24T09:06:32","modified_gmt":"2023-07-24T08:06:32","slug":"volverse-comunista","status":"publish","type":"page","link":"https:\/\/annissima.com\/es\/volverse-comunista\/","title":{"rendered":"volverse comunista"},"content":{"rendered":"<div class=\"row row-collapse align-middle align-center\"  id=\"row-1444556380\">\n\n<\/div>\n<div class=\"row row-collapse row-full-width align-middle\"  id=\"row-1402807330\">\n\n\t<div id=\"col-108773360\" class=\"col small-12 large-12\"  >\n\t\t\t\t<div class=\"col-inner text-left\"  >\n\t\t\t\n\t\t\t\n<div class=\"row row-collapse align-middle align-center\"  id=\"row-1394926430\">\n\n\t<div id=\"col-2048458927\" class=\"col small-12 large-12\"  >\n\t\t\t\t<div class=\"col-inner text-left\"  >\n\t\t\t\n\t\t\t\n\t<div id=\"text-264475781\" class=\"text\">\n\t\t\n<h2 class=\"uppercase\">ADQUISICI\u00d3N DE UNA PARTE DE LA OBRA COM\u00daN:<\/h2>\n\t\t\n<style>\n#text-264475781 {\n  font-size: 1rem;\n  text-align: center;\n  color: rgb(0,0,0);\n}\n#text-264475781 > * {\n  color: rgb(0,0,0);\n}\n<\/style>\n\t<\/div>\n\t\n\t\t<\/div>\n\t\t\t\t\t<\/div>\n\n\t\n\n\t<div id=\"col-55035315\" class=\"col small-12 large-12\"  >\n\t\t\t\t<div class=\"col-inner text-left\"  >\n\t\t\t\n\t\t\t\n\n<div class=\"woocommerce\">\t\t\t<div class=\"single-product\" data-product-page-preselected-id=\"0\">\n\t\t\t\t<div class=\"container\">\n\t<div class=\"woocommerce-notices-wrapper\"><\/div><\/div>\n<div id=\"product-340\" class=\"product type-product post-340 status-publish first outofstock product_cat-artworks has-post-thumbnail shipping-taxable purchasable product-type-simple\">\n\t<div class=\"product-container\">\n  <div class=\"product-main\">\n    <div class=\"row content-row mb-0\">\n\n    \t<div class=\"product-gallery large-4 col\">\n    \t\n<div class=\"product-images relative mb-half has-hover woocommerce-product-gallery woocommerce-product-gallery--with-images woocommerce-product-gallery--columns-4 images\" data-columns=\"4\">\n\n  <div class=\"badge-container is-larger absolute left top z-1\">\n\n<\/div>\n\n  <div class=\"image-tools absolute top show-on-hover right z-3\">\n      <\/div>\n\n  <figure class=\"woocommerce-product-gallery__wrapper product-gallery-slider slider slider-nav-small mb-half\"\n        data-flickity-options='{\n                \"cellAlign\": \"center\",\n                \"wrapAround\": true,\n                \"autoPlay\": false,\n                \"prevNextButtons\":true,\n                \"adaptiveHeight\": true,\n                \"imagesLoaded\": true,\n                \"lazyLoad\": 1,\n                \"dragThreshold\" : 15,\n                \"pageDots\": false,\n                \"rightToLeft\": false       }'>\n    <div data-thumb=\"https:\/\/annissima.com\/wp-content\/uploads\/2023\/08\/Scalfi-Communio-2022-neon-100x100.png\" data-thumb-alt=\"\" class=\"woocommerce-product-gallery__image slide first\"><a href=\"https:\/\/annissima.com\/wp-content\/uploads\/2023\/08\/Scalfi-Communio-2022-neon.png\"><img loading=\"lazy\" decoding=\"async\" width=\"510\" height=\"660\" src=\"https:\/\/annissima.com\/wp-content\/uploads\/2023\/08\/Scalfi-Communio-2022-neon-510x660.png\" class=\"wp-post-image skip-lazy\" alt=\"\" title=\"Scalfi Communio 2022 neon\" data-caption=\"\" data-src=\"https:\/\/annissima.com\/wp-content\/uploads\/2023\/08\/Scalfi-Communio-2022-neon.png\" data-large_image=\"https:\/\/annissima.com\/wp-content\/uploads\/2023\/08\/Scalfi-Communio-2022-neon.png\" data-large_image_width=\"779\" data-large_image_height=\"1008\" srcset=\"https:\/\/annissima.com\/wp-content\/uploads\/2023\/08\/Scalfi-Communio-2022-neon-510x660.png 510w, https:\/\/annissima.com\/wp-content\/uploads\/2023\/08\/Scalfi-Communio-2022-neon-232x300.png 232w, https:\/\/annissima.com\/wp-content\/uploads\/2023\/08\/Scalfi-Communio-2022-neon-768x994.png 768w, https:\/\/annissima.com\/wp-content\/uploads\/2023\/08\/Scalfi-Communio-2022-neon.png 779w\" sizes=\"auto, (max-width: 510px) 100vw, 510px\" \/><\/a><\/div><div data-thumb=\"https:\/\/annissima.com\/wp-content\/uploads\/2023\/04\/Scalfi_Communio-2022-neon_red-100x100.jpg\" data-thumb-alt=\"\" class=\"woocommerce-product-gallery__image slide\"><a href=\"https:\/\/annissima.com\/wp-content\/uploads\/2023\/04\/Scalfi_Communio-2022-neon_red.jpg\"><img loading=\"lazy\" decoding=\"async\" width=\"510\" height=\"656\" src=\"https:\/\/annissima.com\/wp-content\/uploads\/2023\/04\/Scalfi_Communio-2022-neon_red-510x656.jpg\" class=\"skip-lazy\" alt=\"\" title=\"Scalfi_Communio 2022 neon_red\" data-caption=\"\" data-src=\"https:\/\/annissima.com\/wp-content\/uploads\/2023\/04\/Scalfi_Communio-2022-neon_red.jpg\" data-large_image=\"https:\/\/annissima.com\/wp-content\/uploads\/2023\/04\/Scalfi_Communio-2022-neon_red.jpg\" data-large_image_width=\"2720\" data-large_image_height=\"3500\" srcset=\"https:\/\/annissima.com\/wp-content\/uploads\/2023\/04\/Scalfi_Communio-2022-neon_red-510x656.jpg 510w, https:\/\/annissima.com\/wp-content\/uploads\/2023\/04\/Scalfi_Communio-2022-neon_red-233x300.jpg 233w, https:\/\/annissima.com\/wp-content\/uploads\/2023\/04\/Scalfi_Communio-2022-neon_red-796x1024.jpg 796w, https:\/\/annissima.com\/wp-content\/uploads\/2023\/04\/Scalfi_Communio-2022-neon_red-768x988.jpg 768w, https:\/\/annissima.com\/wp-content\/uploads\/2023\/04\/Scalfi_Communio-2022-neon_red-1194x1536.jpg 1194w, https:\/\/annissima.com\/wp-content\/uploads\/2023\/04\/Scalfi_Communio-2022-neon_red-1592x2048.jpg 1592w\" sizes=\"auto, (max-width: 510px) 100vw, 510px\" \/><\/a><\/div><div data-thumb=\"https:\/\/annissima.com\/wp-content\/uploads\/2023\/07\/Scalfi_Eghenter_2022_Communio-pro-indiviso_neon-100x100.png\" data-thumb-alt=\"Communio pro-indiviso (2022) \/ Anna Scalfi Eghenter\" class=\"woocommerce-product-gallery__image slide\"><a href=\"https:\/\/annissima.com\/wp-content\/uploads\/2023\/07\/Scalfi_Eghenter_2022_Communio-pro-indiviso_neon.png\"><img loading=\"lazy\" decoding=\"async\" width=\"510\" height=\"86\" src=\"https:\/\/annissima.com\/wp-content\/uploads\/2023\/07\/Scalfi_Eghenter_2022_Communio-pro-indiviso_neon-510x86.png\" class=\"skip-lazy\" alt=\"Communio pro-indiviso (2022) \/ Anna Scalfi Eghenter\" title=\"Scalfi_Eghenter_2022_Communio pro indiviso_neon\" data-caption=\"\" data-src=\"https:\/\/annissima.com\/wp-content\/uploads\/2023\/07\/Scalfi_Eghenter_2022_Communio-pro-indiviso_neon.png\" data-large_image=\"https:\/\/annissima.com\/wp-content\/uploads\/2023\/07\/Scalfi_Eghenter_2022_Communio-pro-indiviso_neon.png\" data-large_image_width=\"2250\" data-large_image_height=\"380\" srcset=\"https:\/\/annissima.com\/wp-content\/uploads\/2023\/07\/Scalfi_Eghenter_2022_Communio-pro-indiviso_neon-510x86.png 510w, https:\/\/annissima.com\/wp-content\/uploads\/2023\/07\/Scalfi_Eghenter_2022_Communio-pro-indiviso_neon-300x51.png 300w, https:\/\/annissima.com\/wp-content\/uploads\/2023\/07\/Scalfi_Eghenter_2022_Communio-pro-indiviso_neon-1024x173.png 1024w, https:\/\/annissima.com\/wp-content\/uploads\/2023\/07\/Scalfi_Eghenter_2022_Communio-pro-indiviso_neon-768x130.png 768w, https:\/\/annissima.com\/wp-content\/uploads\/2023\/07\/Scalfi_Eghenter_2022_Communio-pro-indiviso_neon-1536x259.png 1536w, https:\/\/annissima.com\/wp-content\/uploads\/2023\/07\/Scalfi_Eghenter_2022_Communio-pro-indiviso_neon-2048x346.png 2048w\" sizes=\"auto, (max-width: 510px) 100vw, 510px\" \/><\/a><\/div>  <\/figure>\n\n  <div class=\"image-tools absolute bottom left z-3\">\n        <a href=\"#product-zoom\" class=\"zoom-button button is-outline circle icon tooltip hide-for-small\" title=\"Zoom\">\n      <i class=\"icon-expand\" ><\/i>    <\/a>\n   <\/div>\n<\/div>\n\n\t<div class=\"product-thumbnails thumbnails slider-no-arrows slider row row-small row-slider slider-nav-small small-columns-4\"\n\t\tdata-flickity-options='{\n\t\t\t\"cellAlign\": \"left\",\n\t\t\t\"wrapAround\": false,\n\t\t\t\"autoPlay\": false,\n\t\t\t\"prevNextButtons\": true,\n\t\t\t\"asNavFor\": \".product-gallery-slider\",\n\t\t\t\"percentPosition\": true,\n\t\t\t\"imagesLoaded\": true,\n\t\t\t\"pageDots\": false,\n\t\t\t\"rightToLeft\": false,\n\t\t\t\"contain\": true\n\t\t}'>\n\t\t\t\t\t<div class=\"col is-nav-selected first\">\n\t\t\t\t<a>\n\t\t\t\t\t<img loading=\"lazy\" decoding=\"async\" src=\"https:\/\/annissima.com\/wp-content\/uploads\/2023\/08\/Scalfi-Communio-2022-neon-247x296.png\" alt=\"\" width=\"247\" height=\"296\" class=\"attachment-woocommerce_thumbnail\" \/>\t\t\t\t<\/a>\n\t\t\t<\/div><div class=\"col\"><a><img loading=\"lazy\" decoding=\"async\" src=\"https:\/\/annissima.com\/wp-content\/uploads\/2023\/04\/Scalfi_Communio-2022-neon_red-247x296.jpg\" alt=\"\" width=\"247\" height=\"296\"  class=\"attachment-woocommerce_thumbnail\" \/><\/a><\/div><div class=\"col\"><a><img loading=\"lazy\" decoding=\"async\" src=\"https:\/\/annissima.com\/wp-content\/uploads\/2023\/07\/Scalfi_Eghenter_2022_Communio-pro-indiviso_neon-247x296.png\" alt=\"Communio pro-indiviso (2022) \/ Anna Scalfi Eghenter\" width=\"247\" height=\"296\"  class=\"attachment-woocommerce_thumbnail\" \/><\/a><\/div>\t<\/div>\n\t    \t<\/div>\n\n    \t<div class=\"product-info summary col-fit col entry-summary product-summary\">\n\n    \t\t<nav class=\"woocommerce-breadcrumb breadcrumbs uppercase\"><a href=\"https:\/\/annissima.com\/es\/\">Inicio<\/a> <span class=\"divider\">&#47;<\/span> <a href=\"https:\/\/annissima.com\/es\/categoria-prodotto\/artworks\/\">Artworks<\/a><\/nav><h1 class=\"product-title product_title entry-title\">\n\tCommunio pro-indiviso (2022) \/ Anna Scalfi Eghenter<\/h1>\n\n<div class=\"product-short-description\">\n\t<div><strong>CARACTER\u00cdSTICAS T\u00c9CNICAS DE CADA CUADRO:\u00a0<\/strong><\/div>\n<div><strong>L\u00c1MPARA<\/strong> elemento de hilo de ne\u00f3n<br \/>\n<strong>DIMENSIONES<\/strong> 14 x 3 x 9,5 cm con aproximaci\u00f3n artesanal<br \/>\n<strong>MATERIAL<\/strong> tubos de iluminaci\u00f3n de c\u00e1todo fr\u00edo de vidrio cristal formado a mano, di\u00e1metro 15 mm, t\u00e9cnica de soldadura con rebaje realizados en los talleres de &#8216;Neon Lauro 1956&#8217;.<br \/>\n<strong>COLOR<\/strong> transparente con brillo rojo<\/div>\n<div><strong>BRILLO<\/strong> de un elemento: 400 candelas por metro cuadrado<br \/>\n<strong>ACCESORIOS<\/strong> necesarios para la instalaci\u00f3n, soportes, cubreelectrodos de vidrio aislante, cables de A.T.<br \/>\n<strong>TRANSFORMADOR<\/strong> de potencia adecuada en relaci\u00f3n al n\u00famero de elementos adquiridos<br \/>\n<strong>SOLUCI\u00d3N<\/strong> para interior\/exterior<br \/>\n<strong>MANUAL<\/strong> \u00a0de instalaci\u00f3n, uso y mantenimiento<br \/>\n<strong>CERTIFICADO<\/strong> de autentificaci\u00f3n<\/div>\n<div><strong>EMBALAJE<\/strong> caja de madera a medida apta para transporte internacional, en funci\u00f3n del n\u00famero de elementos adquiridos<\/div>\n<\/div>\n<div class=\"price-wrapper\">\n\t<p class=\"price product-page-price price-not-in-stock\">\n  <span class=\"woocommerce-Price-amount amount\"><bdi><span class=\"woocommerce-Price-currencySymbol\">&euro;<\/span>5,000.00<\/bdi><\/span><\/p>\n<\/div>\n <p class=\"stock out-of-stock\">Sin existencias<\/p>\n<div class=\"product_meta\">\n\n\t\n\t\n\t<span class=\"posted_in\">Categor\u00eda: <a href=\"https:\/\/annissima.com\/es\/categoria-prodotto\/artworks\/\" rel=\"tag\">Artworks<\/a><\/span>\n\t\n\t\n<\/div>\n<div class=\"social-icons share-icons share-row relative\" ><a href=\"whatsapp:\/\/send?text=Communio%20pro-indiviso%20%282022%29%20%2F%20Anna%20Scalfi%20Eghenter - https:\/\/annissima.com\/es\/prodotto\/communio-pro-indiviso-2022-anna-scalfi-eghenter\/\" data-action=\"share\/whatsapp\/share\" class=\"icon button circle is-outline tooltip whatsapp show-for-medium\" title=\"Share on WhatsApp\" aria-label=\"Share on WhatsApp\"><i class=\"icon-whatsapp\"><\/i><\/a><a href=\"https:\/\/www.facebook.com\/sharer.php?u=https:\/\/annissima.com\/es\/prodotto\/communio-pro-indiviso-2022-anna-scalfi-eghenter\/\" data-label=\"Facebook\" onclick=\"window.open(this.href,this.title,'width=500,height=500,top=300px,left=300px');  return false;\" rel=\"noopener noreferrer nofollow\" target=\"_blank\" class=\"icon button circle is-outline tooltip facebook\" title=\"Compartir en Facebook\" aria-label=\"Compartir en Facebook\"><i class=\"icon-facebook\" ><\/i><\/a><a href=\"https:\/\/twitter.com\/share?url=https:\/\/annissima.com\/es\/prodotto\/communio-pro-indiviso-2022-anna-scalfi-eghenter\/\" onclick=\"window.open(this.href,this.title,'width=500,height=500,top=300px,left=300px');  return false;\" rel=\"noopener noreferrer nofollow\" target=\"_blank\" class=\"icon button circle is-outline tooltip twitter\" title=\"Compartir en Twitter\" aria-label=\"Compartir en Twitter\"><i class=\"icon-twitter\" ><\/i><\/a><a href=\"mailto:enteryour@addresshere.com?subject=Communio%20pro-indiviso%20%282022%29%20%2F%20Anna%20Scalfi%20Eghenter&amp;body=Check%20this%20out:%20https:\/\/annissima.com\/es\/prodotto\/communio-pro-indiviso-2022-anna-scalfi-eghenter\/\" rel=\"nofollow\" class=\"icon button circle is-outline tooltip email\" title=\"Env\u00eda por email\" aria-label=\"Env\u00eda por email\"><i class=\"icon-envelop\" ><\/i><\/a><a href=\"https:\/\/pinterest.com\/pin\/create\/button\/?url=https:\/\/annissima.com\/es\/prodotto\/communio-pro-indiviso-2022-anna-scalfi-eghenter\/&amp;media=https:\/\/annissima.com\/wp-content\/uploads\/2023\/08\/Scalfi-Communio-2022-neon.png&amp;description=Communio%20pro-indiviso%20%282022%29%20%2F%20Anna%20Scalfi%20Eghenter\" onclick=\"window.open(this.href,this.title,'width=500,height=500,top=300px,left=300px');  return false;\" rel=\"noopener noreferrer nofollow\" target=\"_blank\" class=\"icon button circle is-outline tooltip pinterest\" title=\"Pinear en Pinterest\" aria-label=\"Pinear en Pinterest\"><i class=\"icon-pinterest\" ><\/i><\/a><a href=\"https:\/\/www.linkedin.com\/shareArticle?mini=true&url=https:\/\/annissima.com\/es\/prodotto\/communio-pro-indiviso-2022-anna-scalfi-eghenter\/&title=Communio%20pro-indiviso%20%282022%29%20%2F%20Anna%20Scalfi%20Eghenter\" onclick=\"window.open(this.href,this.title,'width=500,height=500,top=300px,left=300px');  return false;\"  rel=\"noopener noreferrer nofollow\" target=\"_blank\" class=\"icon button circle is-outline tooltip linkedin\" title=\"Share on LinkedIn\" aria-label=\"Share on LinkedIn\"><i class=\"icon-linkedin\" ><\/i><\/a><\/div>\n    \t<\/div>\n\n    \t<div id=\"product-sidebar\" class=\"mfp-hide\">\n    \t\t<div class=\"sidebar-inner\">\n    \t\t\t    \t\t<\/div>\n    \t<\/div>\n\n    <\/div>\n  <\/div>\n\n  <div class=\"product-footer\">\n  \t<div class=\"container\">\n    \t\t\n\t<div class=\"woocommerce-tabs wc-tabs-wrapper container tabbed-content\">\n\t\t<ul class=\"tabs wc-tabs product-tabs small-nav-collapse nav nav-uppercase nav-line nav-left\" role=\"tablist\">\n\t\t\t\t\t\t\t<li class=\"description_tab active\" id=\"tab-title-description\" role=\"presentation\">\n\t\t\t\t\t<a href=\"#tab-description\" role=\"tab\" aria-selected=\"true\" aria-controls=\"tab-description\">\n\t\t\t\t\t\tDescripci\u00f3n\t\t\t\t\t<\/a>\n\t\t\t\t<\/li>\n\t\t\t\t\t\t\t\t\t\t\t<li class=\"additional_information_tab \" id=\"tab-title-additional_information\" role=\"presentation\">\n\t\t\t\t\t<a href=\"#tab-additional_information\" role=\"tab\" aria-selected=\"false\" aria-controls=\"tab-additional_information\" tabindex=\"-1\">\n\t\t\t\t\t\tInformaci\u00f3n adicional\t\t\t\t\t<\/a>\n\t\t\t\t<\/li>\n\t\t\t\t\t\t\t\t\t<\/ul>\n\t\t<div class=\"tab-panels\">\n\t\t\t\t\t\t\t<div class=\"woocommerce-Tabs-panel woocommerce-Tabs-panel--description panel entry-content active\" id=\"tab-description\" role=\"tabpanel\" aria-labelledby=\"tab-title-description\">\n\t\t\t\t\t\t\t\t\t\t\n\n<div><strong>CARACTER\u00cdSTICAS T\u00c9CNICAS DE CADA CUADRO:\u00a0<\/strong><\/div>\n<div><strong>L\u00c1MPARA<\/strong> elemento de hilo de ne\u00f3n<br \/>\n<strong>DIMENSIONES<\/strong> 14 x 3 x 9,5 cm con aproximaci\u00f3n artesanal<br \/>\n<strong>MATERIAL<\/strong> tubos de iluminaci\u00f3n de c\u00e1todo fr\u00edo de vidrio cristal formado a mano, di\u00e1metro 15 mm, t\u00e9cnica de soldadura con rebaje realizados en los talleres de &#8216;Neon Lauro 1956&#8217;.<br \/>\n<strong>COLOR<\/strong> transparente con brillo rojo<\/div>\n<div><strong>BRILLO<\/strong> de un elemento: 400 candelas por metro cuadrado<br \/>\n<strong>ACCESORIOS<\/strong> necesarios para la instalaci\u00f3n, soportes, cubreelectrodos de vidrio aislante, cables de A.T.<br \/>\n<strong>TRANSFORMADOR<\/strong> de potencia adecuada en relaci\u00f3n al n\u00famero de elementos adquiridos<br \/>\n<strong>SOLUCI\u00d3N<\/strong> para interior\/exterior<br \/>\n<strong>MANUAL<\/strong> \u00a0de instalaci\u00f3n, uso y mantenimiento<br \/>\n<strong>CERTIFICADO<\/strong> de autentificaci\u00f3n<\/div>\n<div><strong>EMBALAJE<\/strong> caja de madera a medida apta para transporte internacional, en funci\u00f3n del n\u00famero de elementos adquiridos<\/div>\n\t\t\t\t<\/div>\n\t\t\t\t\t\t\t\t\t\t\t<div class=\"woocommerce-Tabs-panel woocommerce-Tabs-panel--additional_information panel entry-content \" id=\"tab-additional_information\" role=\"tabpanel\" aria-labelledby=\"tab-title-additional_information\">\n\t\t\t\t\t\t\t\t\t\t\n\n<table class=\"woocommerce-product-attributes shop_attributes\" aria-label=\"Detalles del producto\">\n\t\t\t<tr class=\"woocommerce-product-attributes-item woocommerce-product-attributes-item--weight\">\n\t\t\t<th class=\"woocommerce-product-attributes-item__label\" scope=\"row\">Peso<\/th>\n\t\t\t<td class=\"woocommerce-product-attributes-item__value\">2 kg<\/td>\n\t\t<\/tr>\n\t\t\t<tr class=\"woocommerce-product-attributes-item woocommerce-product-attributes-item--dimensions\">\n\t\t\t<th class=\"woocommerce-product-attributes-item__label\" scope=\"row\">Dimensiones<\/th>\n\t\t\t<td class=\"woocommerce-product-attributes-item__value\">60 &times; 40 &times; 40 cm<\/td>\n\t\t<\/tr>\n\t<\/table>\n\t\t\t\t<\/div>\n\t\t\t\t\t\t\t\n\t\t\t\t\t<\/div>\n\t<\/div>\n\n    <\/div>\n  <\/div>\n<\/div>\n<\/div>\n\t\t\t<\/div>\n\t\t\t<\/div>\n\n\t\t<\/div>\n\t\t\t\t\t<\/div>\n\n\t\n<\/div>\n\t\t<\/div>\n\t\t\t\t\n<style>\n#col-108773360 > .col-inner {\n  padding: 30px 16px 25px 16px;\n}\n<\/style>\n\t<\/div>\n\n\t\n<\/div>\n","protected":false},"excerpt":{"rendered":"","protected":false},"author":1,"featured_media":0,"parent":0,"menu_order":0,"comment_status":"closed","ping_status":"closed","template":"page-blank.php","meta":{"om_disable_all_campaigns":false,"_monsterinsights_skip_tracking":false,"_monsterinsights_sitenote_active":false,"_monsterinsights_sitenote_note":"","_monsterinsights_sitenote_category":0,"footnotes":""},"class_list":["post-335","page","type-page","status-publish","hentry"],"yoast_head":"<!-- This site is optimized with the Yoast SEO plugin v26.7 - https:\/\/yoast.com\/wordpress\/plugins\/seo\/ -->\n<title>volverse comunista - Annissima<\/title>\n<meta name=\"robots\" content=\"noindex, nofollow\" \/>\n<meta property=\"og:locale\" content=\"es_ES\" \/>\n<meta property=\"og:type\" content=\"article\" \/>\n<meta property=\"og:title\" content=\"volverse comunista - Annissima\" \/>\n<meta property=\"og:url\" content=\"https:\/\/annissima.com\/es\/volverse-comunista\/\" \/>\n<meta property=\"og:site_name\" content=\"Annissima\" \/>\n<meta property=\"article:modified_time\" content=\"2023-07-24T08:06:32+00:00\" \/>\n<meta property=\"og:image\" content=\"https:\/\/annissima.com\/wp-content\/uploads\/2023\/05\/annissima_logo_email.png\" \/>\n\t<meta property=\"og:image:width\" content=\"150\" \/>\n\t<meta property=\"og:image:height\" content=\"39\" \/>\n\t<meta property=\"og:image:type\" content=\"image\/png\" \/>\n<meta name=\"twitter:card\" content=\"summary_large_image\" \/>\n<meta name=\"twitter:label1\" content=\"Tiempo de lectura\" \/>\n\t<meta name=\"twitter:data1\" content=\"1 minuto\" \/>\n<script type=\"application\/ld+json\" class=\"yoast-schema-graph\">{\"@context\":\"https:\/\/schema.org\",\"@graph\":[{\"@type\":\"WebPage\",\"@id\":\"https:\/\/annissima.com\/es\/volverse-comunista\/\",\"url\":\"https:\/\/annissima.com\/es\/volverse-comunista\/\",\"name\":\"volverse comunista - Annissima\",\"isPartOf\":{\"@id\":\"https:\/\/annissima.com\/es\/#website\"},\"datePublished\":\"2023-05-18T08:06:09+00:00\",\"dateModified\":\"2023-07-24T08:06:32+00:00\",\"breadcrumb\":{\"@id\":\"https:\/\/annissima.com\/es\/volverse-comunista\/#breadcrumb\"},\"inLanguage\":\"es\",\"potentialAction\":[{\"@type\":\"ReadAction\",\"target\":[\"https:\/\/annissima.com\/es\/volverse-comunista\/\"]}]},{\"@type\":\"BreadcrumbList\",\"@id\":\"https:\/\/annissima.com\/es\/volverse-comunista\/#breadcrumb\",\"itemListElement\":[{\"@type\":\"ListItem\",\"position\":1,\"name\":\"Home\",\"item\":\"https:\/\/annissima.com\/es\/\"},{\"@type\":\"ListItem\",\"position\":2,\"name\":\"volverse comunista\"}]},{\"@type\":\"WebSite\",\"@id\":\"https:\/\/annissima.com\/es\/#website\",\"url\":\"https:\/\/annissima.com\/es\/\",\"name\":\"Annissima\",\"description\":\"\",\"publisher\":{\"@id\":\"https:\/\/annissima.com\/es\/#\/schema\/person\/20ddb9283bed1379c30ee673559b9e9e\"},\"potentialAction\":[{\"@type\":\"SearchAction\",\"target\":{\"@type\":\"EntryPoint\",\"urlTemplate\":\"https:\/\/annissima.com\/es\/?s={search_term_string}\"},\"query-input\":{\"@type\":\"PropertyValueSpecification\",\"valueRequired\":true,\"valueName\":\"search_term_string\"}}],\"inLanguage\":\"es\"},{\"@type\":[\"Person\",\"Organization\"],\"@id\":\"https:\/\/annissima.com\/es\/#\/schema\/person\/20ddb9283bed1379c30ee673559b9e9e\",\"name\":\"Anna Scalfi\",\"image\":{\"@type\":\"ImageObject\",\"inLanguage\":\"es\",\"@id\":\"https:\/\/annissima.com\/es\/#\/schema\/person\/image\/\",\"url\":\"https:\/\/annissima.com\/wp-content\/uploads\/2023\/05\/annissima_logo_email.png\",\"contentUrl\":\"https:\/\/annissima.com\/wp-content\/uploads\/2023\/05\/annissima_logo_email.png\",\"width\":150,\"height\":39,\"caption\":\"Anna Scalfi\"},\"logo\":{\"@id\":\"https:\/\/annissima.com\/es\/#\/schema\/person\/image\/\"}}]}<\/script>\n<!-- \/ Yoast SEO plugin. -->","yoast_head_json":{"title":"volverse comunista - Annissima","robots":{"index":"noindex","follow":"nofollow"},"og_locale":"es_ES","og_type":"article","og_title":"volverse comunista - Annissima","og_url":"https:\/\/annissima.com\/es\/volverse-comunista\/","og_site_name":"Annissima","article_modified_time":"2023-07-24T08:06:32+00:00","og_image":[{"width":150,"height":39,"url":"https:\/\/annissima.com\/wp-content\/uploads\/2023\/05\/annissima_logo_email.png","type":"image\/png"}],"twitter_card":"summary_large_image","twitter_misc":{"Tiempo de lectura":"1 minuto"},"schema":{"@context":"https:\/\/schema.org","@graph":[{"@type":"WebPage","@id":"https:\/\/annissima.com\/es\/volverse-comunista\/","url":"https:\/\/annissima.com\/es\/volverse-comunista\/","name":"volverse comunista - Annissima","isPartOf":{"@id":"https:\/\/annissima.com\/es\/#website"},"datePublished":"2023-05-18T08:06:09+00:00","dateModified":"2023-07-24T08:06:32+00:00","breadcrumb":{"@id":"https:\/\/annissima.com\/es\/volverse-comunista\/#breadcrumb"},"inLanguage":"es","potentialAction":[{"@type":"ReadAction","target":["https:\/\/annissima.com\/es\/volverse-comunista\/"]}]},{"@type":"BreadcrumbList","@id":"https:\/\/annissima.com\/es\/volverse-comunista\/#breadcrumb","itemListElement":[{"@type":"ListItem","position":1,"name":"Home","item":"https:\/\/annissima.com\/es\/"},{"@type":"ListItem","position":2,"name":"volverse comunista"}]},{"@type":"WebSite","@id":"https:\/\/annissima.com\/es\/#website","url":"https:\/\/annissima.com\/es\/","name":"Annissima","description":"","publisher":{"@id":"https:\/\/annissima.com\/es\/#\/schema\/person\/20ddb9283bed1379c30ee673559b9e9e"},"potentialAction":[{"@type":"SearchAction","target":{"@type":"EntryPoint","urlTemplate":"https:\/\/annissima.com\/es\/?s={search_term_string}"},"query-input":{"@type":"PropertyValueSpecification","valueRequired":true,"valueName":"search_term_string"}}],"inLanguage":"es"},{"@type":["Person","Organization"],"@id":"https:\/\/annissima.com\/es\/#\/schema\/person\/20ddb9283bed1379c30ee673559b9e9e","name":"Anna Scalfi","image":{"@type":"ImageObject","inLanguage":"es","@id":"https:\/\/annissima.com\/es\/#\/schema\/person\/image\/","url":"https:\/\/annissima.com\/wp-content\/uploads\/2023\/05\/annissima_logo_email.png","contentUrl":"https:\/\/annissima.com\/wp-content\/uploads\/2023\/05\/annissima_logo_email.png","width":150,"height":39,"caption":"Anna Scalfi"},"logo":{"@id":"https:\/\/annissima.com\/es\/#\/schema\/person\/image\/"}}]}},"_links":{"self":[{"href":"https:\/\/annissima.com\/es\/wp-json\/wp\/v2\/pages\/335","targetHints":{"allow":["GET"]}}],"collection":[{"href":"https:\/\/annissima.com\/es\/wp-json\/wp\/v2\/pages"}],"about":[{"href":"https:\/\/annissima.com\/es\/wp-json\/wp\/v2\/types\/page"}],"author":[{"embeddable":true,"href":"https:\/\/annissima.com\/es\/wp-json\/wp\/v2\/users\/1"}],"replies":[{"embeddable":true,"href":"https:\/\/annissima.com\/es\/wp-json\/wp\/v2\/comments?post=335"}],"version-history":[{"count":6,"href":"https:\/\/annissima.com\/es\/wp-json\/wp\/v2\/pages\/335\/revisions"}],"predecessor-version":[{"id":365,"href":"https:\/\/annissima.com\/es\/wp-json\/wp\/v2\/pages\/335\/revisions\/365"}],"wp:attachment":[{"href":"https:\/\/annissima.com\/es\/wp-json\/wp\/v2\/media?parent=335"}],"curies":[{"name":"wp","href":"https:\/\/api.w.org\/{rel}","templated":true}]}}