{"id":332,"date":"2022-12-26T11:37:55","date_gmt":"2022-12-26T10:37:55","guid":{"rendered":"https:\/\/annissima.com\/comunista\/"},"modified":"2024-03-18T13:45:52","modified_gmt":"2024-03-18T12:45:52","slug":"comunista","status":"publish","type":"page","link":"https:\/\/annissima.com\/es\/","title":{"rendered":"Communio pro indiviso (2022) &#8211; Anna Scalfi Eghenter"},"content":{"rendered":"<div class=\"row row-collapse row-full-width align-middle align-center\"  id=\"row-1805711214\">\n\n\t<div id=\"col-1566280889\" class=\"col small-12 large-12\"  >\n\t\t\t\t<div class=\"col-inner text-center\"  >\n\t\t\t\n\t\t\t\n\t<div id=\"text-1963023431\" class=\"text\">\n\t\t\n<h2 class=\"uppercase\">COMMUNIO PRO-INDIVISO<\/h2>\n\t\t\n<style>\n#text-1963023431 {\n  font-size: 1rem;\n  color: rgb(0,0,0);\n}\n#text-1963023431 > * {\n  color: rgb(0,0,0);\n}\n<\/style>\n\t<\/div>\n\t\n\t\t<\/div>\n\t\t\t\t\n<style>\n#col-1566280889 > .col-inner {\n  padding: 30px 0px 25px 0px;\n}\n<\/style>\n\t<\/div>\n\n\t\n<\/div>\n<div class=\"row row-collapse\"  id=\"row-2125118321\">\n\n\t<div id=\"col-184076027\" class=\"col small-12 large-12\"  >\n\t\t\t\t<div class=\"col-inner\"  >\n\t\t\t\n\t\t\t\n\t<div class=\"img has-hover x md-x lg-x y md-y lg-y\" id=\"image_1679482469\">\n\t\t\t\t\t\t\t\t<div class=\"img-inner dark\" style=\"margin:0px 0px 0px 0px;\">\n\t\t\t<img loading=\"lazy\" decoding=\"async\" width=\"1280\" height=\"487\" src=\"https:\/\/annissima.com\/wp-content\/uploads\/2023\/07\/Communio-pro-indiviso_ScalfiEghenter-2022.jpg\" class=\"attachment-original size-original\" alt=\"\" srcset=\"https:\/\/annissima.com\/wp-content\/uploads\/2023\/07\/Communio-pro-indiviso_ScalfiEghenter-2022.jpg 1280w, https:\/\/annissima.com\/wp-content\/uploads\/2023\/07\/Communio-pro-indiviso_ScalfiEghenter-2022-300x114.jpg 300w, https:\/\/annissima.com\/wp-content\/uploads\/2023\/07\/Communio-pro-indiviso_ScalfiEghenter-2022-1024x390.jpg 1024w, https:\/\/annissima.com\/wp-content\/uploads\/2023\/07\/Communio-pro-indiviso_ScalfiEghenter-2022-768x292.jpg 768w, https:\/\/annissima.com\/wp-content\/uploads\/2023\/07\/Communio-pro-indiviso_ScalfiEghenter-2022-510x194.jpg 510w\" sizes=\"auto, (max-width: 1280px) 100vw, 1280px\" \/>\t\t\t\t\t\t\n\t\t\t\t\t<\/div>\n\t\t\t\t\t\t\t\t\n<style>\n#image_1679482469 {\n  width: 100%;\n}\n<\/style>\n\t<\/div>\n\t\n\t\t<\/div>\n\t\t\t\t\n<style>\n#col-184076027 > .col-inner {\n  padding: 0px 20px 0px 20px;\n}\n<\/style>\n\t<\/div>\n\n\t\n<\/div>\n<div class=\"row row-collapse row-full-width align-middle align-center\"  id=\"row-660166855\">\n\n\t<div id=\"col-1422984558\" class=\"col small-12 large-12\"  >\n\t\t\t\t<div class=\"col-inner text-center\"  >\n\t\t\t\n\t\t\t\n\t<div id=\"text-3972870878\" class=\"text\">\n\t\t\n<h2 class=\"uppercase\"><b>LA COMUNI\u00d3N (COD. CIV. L. III T\u00cdTULO VII)<\/b><\/h2>\n\t\t\n<style>\n#text-3972870878 {\n  font-size: 1rem;\n  color: rgb(0,0,0);\n}\n#text-3972870878 > * {\n  color: rgb(0,0,0);\n}\n<\/style>\n\t<\/div>\n\t\n\t\t<\/div>\n\t\t\t\t\n<style>\n#col-1422984558 > .col-inner {\n  padding: 10px 0px 5px 0px;\n}\n<\/style>\n\t<\/div>\n\n\t\n\n<style>\n#row-660166855 > .col > .col-inner {\n  padding: 30px 0px 0px 0px;\n}\n@media (min-width:550px) {\n  #row-660166855 > .col > .col-inner {\n    padding: 40px 0px 0px 0px;\n  }\n}\n<\/style>\n<\/div>\n<div class=\"row row-collapse\"  id=\"row-64870856\">\n\n\t<div id=\"col-1455787272\" class=\"col small-12 large-12\"  >\n\t\t\t\t<div class=\"col-inner\"  >\n\t\t\t\n\t\t\t\n\t<div id=\"text-1287382257\" class=\"text\">\n\t\t\n<p dir=\"ltr\">En el Libro III del C\u00f3digo Civil sobre la PROPIEDAD, el T\u00edtulo VII regula la instituci\u00f3n de la COMUNI\u00d3N de bienes y los derechos de los comuneros, es decir, de aquellos que poseen una parte de la totalidad de la propiedad.<\/p>\n\t\t\n<style>\n#text-1287382257 {\n  font-size: 1rem;\n  text-align: left;\n  color: rgb(0,0,0);\n}\n#text-1287382257 > * {\n  color: rgb(0,0,0);\n}\n<\/style>\n\t<\/div>\n\t\n\t<div id=\"gap-1342208655\" class=\"gap-element clearfix\" style=\"display:block; height:auto;\">\n\t\t\n<style>\n#gap-1342208655 {\n  padding-top: 30px;\n}\n<\/style>\n\t<\/div>\n\t\n\t\t<\/div>\n\t\t\t\t\n<style>\n#col-1455787272 > .col-inner {\n  padding: 0px 20px 0px 20px;\n}\n<\/style>\n\t<\/div>\n\n\t\n<\/div>\n<div class=\"row row-collapse row-full-width align-middle align-center\"  id=\"row-1133890776\">\n\n\t<div id=\"col-1929954806\" class=\"col small-12 large-12\"  >\n\t\t\t\t<div class=\"col-inner text-center\"  >\n\t\t\t\n\t\t\t\n\t<div id=\"text-2857625483\" class=\"text\">\n\t\t\n<h2 class=\"uppercase\">CADA IMAGEN CORRESPONDE A UNA PARTE DE LA OBRA<\/h2>\n\t\t\n<style>\n#text-2857625483 {\n  font-size: 1rem;\n  color: rgb(0,0,0);\n}\n#text-2857625483 > * {\n  color: rgb(0,0,0);\n}\n<\/style>\n\t<\/div>\n\t\n\t\t<\/div>\n\t\t\t\t\n<style>\n#col-1929954806 > .col-inner {\n  padding: 10px 0px 5px 0px;\n}\n<\/style>\n\t<\/div>\n\n\t\n<\/div>\n<div class=\"row row-collapse\"  id=\"row-1362422053\">\n\n\t<div id=\"col-829749066\" class=\"col small-12 large-12\"  >\n\t\t\t\t<div class=\"col-inner\"  >\n\t\t\t\n\t\t\t\n\t<div id=\"text-4170071384\" class=\"text\">\n\t\t\n<h1 class=\"text\" dir=\"ltr\">El ne\u00f3n \u00abCommunio pro indiviso\u00bb (2022) es una obra compartida por varios coleccionistas que poseen distintas porciones de los elementos pict\u00f3ricos que la componen, y como tal se denomina \u00abcomunista\u00bb a cada propietario de la obra indivisa, ya que la obra se escribe como un todo.<\/h1>\n<p dir=\"ltr\">Cada cuadro establece la propiedad de una porci\u00f3n de la obra, y cada coleccionista puede adquirir varias unidades de ne\u00f3n, que en conjunto constituir\u00e1n el porcentaje correspondiente de propiedad de la totalidad de la communio \u00abCommunio pro indiviso\u00bb (2022).<\/p>\n<p dir=\"ltr\">La obra \u00abCommunio pro indiviso\u00bb (2022) se realiza expuesta en su totalidad. La parte en posesi\u00f3n del titular no constituye un segmento independiente de la obra, sino que define un porcentaje de la unidad indivisa.<\/p>\n<p dir=\"ltr\">La obra \u00abCommunio pro indiviso\u00bb (2022) consta de 285 elementos de ne\u00f3n rojo en cristal de forma soldada que crean un cuadro de 14\u00d79,5x3cm.<\/p>\n<p dir=\"ltr\">Se adquieren partes de la obra en preventa para permitir la producci\u00f3n y exposici\u00f3n de \u00abCommunio pro indiviso\u00bb en un prestigioso museo europeo entre el oto\u00f1o de 2023 y la primavera de 2024, y una vez desmontadas las piezas se env\u00edan a cada coleccionista que posee un porcentaje de la obra. Cada coleccionista, al comprar un cuadro de ne\u00f3n, se compromete a prestarlo en las ocasiones en que la obra completa se exponga al p\u00fablico, junto con las dem\u00e1s piezas realizadas y vendidas.<\/p>\n\t\t\n<style>\n#text-4170071384 {\n  color: rgb(0,0,0);\n}\n#text-4170071384 > * {\n  color: rgb(0,0,0);\n}\n<\/style>\n\t<\/div>\n\t\n<h3 class=\"accordion_title\">READ MORE<\/h3><div class=\"accordion\">\n<div id=\"accordion-1826417173\" class=\"accordion-item\"><a id=\"accordion-1826417173-label\" href=\"#\" class=\"accordion-title plain\" aria-expanded=\"false\" aria-controls=\"accordion-1826417173-content\"><button class=\"toggle\" aria-label=\"Toggle\"><i class=\"icon-angle-down\"><\/i><\/button><span>read more<\/span><\/a><div id=\"accordion-1826417173-content\" class=\"accordion-inner\" aria-labelledby=\"accordion-1826417173-label\">\n\t<div id=\"text-1187243736\" class=\"text\">\n\t\t\n<p dir=\"ltr\">Informaci\u00f3n anticipada tras la compra en l\u00ednea:<\/p>\n<p>La obra \u00abCommunio pro indiviso\u00bb 2022 consta de 285 piezas \u00fanicas + PA Con el env\u00edo del ne\u00f3n, cada coleccionista recibir\u00e1 un transformador, asistencia, servicio, garant\u00eda y, con un coste aparte, una posible instalaci\u00f3n in situ con un t\u00e9cnico especializado. El transformador y la caja de madera para el transporte internacional se adaptar\u00e1n en funci\u00f3n del n\u00famero de cuadros de ne\u00f3n adquiridos.<\/p>\n<p>Cada cuadro de ne\u00f3n se registrar\u00e1 a nombre del coleccionista correspondiente al nombre dejado en el formulario de compra, seg\u00fan los datos de contacto facilitados. Los datos de contacto de los coleccionistas-propietarios son conservados por el artista en cumplimiento de la normativa vigente en la Uni\u00f3n Europea, incluida la relativa a la protecci\u00f3n de datos personales, y facilitados a los museos para las solicitudes de pr\u00e9stamo para la exposici\u00f3n de la obra.<\/p>\n<p>Al cuadro se le asigna un c\u00f3digo \u00fanico con el que se archiva. El c\u00f3digo seguir\u00e1 siendo tal incluso en caso de cesi\u00f3n posterior de la pieza. La cesi\u00f3n de la pieza determina la transferencia de la respectiva cuota de propiedad de la obra indivisa y deber\u00e1 comunicarse en la forma que se indicar\u00e1 en el contrato.<\/p>\n<p>Tras la firma del contrato y el pago de la contraprestaci\u00f3n, se efectuar\u00e1 la entrega del cuadro. on la entrega del cuadro se entregar\u00e1 tambi\u00e9n la autenticaci\u00f3n firmada, en espera de lo cual el recibo servir\u00e1 de sustituto. Se le pedir\u00e1 que confirme si desea que su nombre como propietario aparezca en la leyenda de la obra expuesta, o colecci\u00f3n privada. La no disponibilidad del cuadro, por p\u00e9rdida o destrucci\u00f3n, invalida los derechos de propiedad y autoriza al artista a reproducir la obra. La obra existe y puede exponerse en su totalidad.<br \/>\n\t\t\n<style>\n#text-1187243736 {\n  font-size: 1rem;\n}\n<\/style>\n\t<\/div>\n\t\n\t<div id=\"gap-1576108159\" class=\"gap-element clearfix\" style=\"display:block; height:auto;\">\n\t\t\n<style>\n#gap-1576108159 {\n  padding-top: 30px;\n}\n<\/style>\n\t<\/div>\n\t\n<\/div><\/div>\n<\/div>\n\t\t<\/div>\n\t\t\t\t\n<style>\n#col-829749066 > .col-inner {\n  padding: 0px 20px 0px 20px;\n}\n<\/style>\n\t<\/div>\n\n\t\n<\/div>\n<div class=\"row row-collapse row-full-width align-middle align-center\"  id=\"row-1454351421\">\n\n\t<div id=\"col-41564744\" class=\"col small-12 large-12\"  >\n\t\t\t\t<div class=\"col-inner text-center\"  >\n\t\t\t\n\t\t\t\n<div class=\"row row-collapse row-full-width align-middle align-center\"  id=\"row-486310792\">\n\n\t<div id=\"col-1350023121\" class=\"col small-12 large-12\"  >\n\t\t\t\t<div class=\"col-inner text-center\"  >\n\t\t\t\n\t\t\t\n\t<div id=\"text-4288139042\" class=\"text\">\n\t\t\n<h2 class=\"uppercase\">SER COMUNISTA DE LA OBRA EN COMUNI\u00d3N<\/h2>\n\t\t\n<style>\n#text-4288139042 {\n  font-size: 1rem;\n  text-align: center;\n  color: rgb(0,0,0);\n}\n#text-4288139042 > * {\n  color: rgb(0,0,0);\n}\n<\/style>\n\t<\/div>\n\t\n\t\t<\/div>\n\t\t\t\t\n<style>\n#col-1350023121 > .col-inner {\n  padding: 0px 0px 0px 0px;\n  margin: 20px 0px 0px 0px;\n}\n<\/style>\n\t<\/div>\n\n\t\n<\/div>\n\t\t<\/div>\n\t\t\t\t\n<style>\n#col-41564744 > .col-inner {\n  padding: 10px 16px 5px 16px;\n}\n@media (min-width:550px) {\n  #col-41564744 > .col-inner {\n    padding: 10px 0px 5px 0px;\n  }\n}\n<\/style>\n\t<\/div>\n\n\t\n<\/div>\n<div class=\"row row-collapse align-middle align-center\"  id=\"row-1400394631\">\n\n\t<div id=\"col-561323650\" class=\"col small-12 large-12\"  >\n\t\t\t\t<div class=\"col-inner text-left\"  >\n\t\t\t\n\t\t\t\n\n<style>\n.price-wrapper, .cart { display:none; }<br \/><\/style>\n<p><!--&#091;product_page id=\"36\"&#093;--><br \/>\n\n\t\t<\/div>\n\t\t\t\t\n<style>\n#col-561323650 > .col-inner {\n  padding: 0px 16px 0px 16px;\n}\n<\/style>\n\t<\/div>\n\n\t\n<\/div>\n<div class=\"row row-collapse align-middle\"  id=\"row-470677550\">\n\n\t<div id=\"col-130205111\" class=\"col small-12 large-12\"  >\n\t\t\t\t<div class=\"col-inner text-left\"  >\n\t\t\t\n\t\t\t\n\t<div id=\"gap-1533709136\" class=\"gap-element clearfix hidden\" style=\"display:block; height:auto;\">\n\t\t\n<style>\n#gap-1533709136 {\n  padding-top: 30px;\n}\n<\/style>\n\t<\/div>\n\t\n<a href=\"https:\/\/annissima.com\/es\/volverse-comunista\/\" target=\"_self\" class=\"button primary is-outline is-larger box-shadow-1-hover lowercase hidden\"  >\n    <span>read more<\/span>\n  <\/a>\n\n<p>For more information contact <a href=\"mailto:info@annissima.com\" target=\"_blank\" rel=\"noopener\">info@annissima.com<\/a><\/p>\n\t\t<\/div>\n\t\t\t\t\n<style>\n#col-130205111 > .col-inner {\n  padding: 0px 16px 0px 16px;\n}\n<\/style>\n\t<\/div>\n\n\t\n<\/div>\n","protected":false},"excerpt":{"rendered":"","protected":false},"author":1,"featured_media":0,"parent":0,"menu_order":0,"comment_status":"closed","ping_status":"open","template":"page-blank.php","meta":{"om_disable_all_campaigns":false,"_monsterinsights_skip_tracking":false,"_monsterinsights_sitenote_active":false,"_monsterinsights_sitenote_note":"","_monsterinsights_sitenote_category":0,"footnotes":""},"class_list":["post-332","page","type-page","status-publish","hentry"],"yoast_head":"<!-- This site is optimized with the Yoast SEO plugin v26.7 - https:\/\/yoast.com\/wordpress\/plugins\/seo\/ -->\n<title>Communio pro indiviso (2022) - Anna Scalfi Eghenter - Annissima<\/title>\n<meta name=\"robots\" content=\"index, follow, max-snippet:-1, max-image-preview:large, max-video-preview:-1\" \/>\n<link rel=\"canonical\" href=\"https:\/\/annissima.com\/es\/\" \/>\n<meta property=\"og:locale\" content=\"es_ES\" \/>\n<meta property=\"og:type\" content=\"article\" \/>\n<meta property=\"og:title\" content=\"Communio pro indiviso (2022) - Anna Scalfi Eghenter - Annissima\" \/>\n<meta property=\"og:url\" content=\"https:\/\/annissima.com\/es\/\" \/>\n<meta property=\"og:site_name\" content=\"Annissima\" \/>\n<meta property=\"article:modified_time\" content=\"2024-03-18T12:45:52+00:00\" \/>\n<meta property=\"og:image\" content=\"https:\/\/annissima.com\/wp-content\/uploads\/2023\/07\/Communio-pro-indiviso_ScalfiEghenter-2022-1024x390.jpg\" \/>\n<meta name=\"twitter:card\" content=\"summary_large_image\" \/>\n<meta name=\"twitter:image\" content=\"https:\/\/annissima.com\/wp-content\/uploads\/2023\/07\/Communio-pro-indiviso_ScalfiEghenter-2022-1024x390.jpg\" \/>\n<meta name=\"twitter:label1\" content=\"Tiempo de lectura\" \/>\n\t<meta name=\"twitter:data1\" content=\"5 minutos\" \/>\n<script type=\"application\/ld+json\" class=\"yoast-schema-graph\">{\"@context\":\"https:\/\/schema.org\",\"@graph\":[{\"@type\":\"WebPage\",\"@id\":\"https:\/\/annissima.com\/es\/\",\"url\":\"https:\/\/annissima.com\/es\/\",\"name\":\"Communio pro indiviso (2022) - Anna Scalfi Eghenter - Annissima\",\"isPartOf\":{\"@id\":\"https:\/\/annissima.com\/es\/#website\"},\"datePublished\":\"2022-12-26T10:37:55+00:00\",\"dateModified\":\"2024-03-18T12:45:52+00:00\",\"breadcrumb\":{\"@id\":\"https:\/\/annissima.com\/es\/#breadcrumb\"},\"inLanguage\":\"es\",\"potentialAction\":[{\"@type\":\"ReadAction\",\"target\":[\"https:\/\/annissima.com\/es\/\"]}]},{\"@type\":\"BreadcrumbList\",\"@id\":\"https:\/\/annissima.com\/es\/#breadcrumb\",\"itemListElement\":[{\"@type\":\"ListItem\",\"position\":1,\"name\":\"Home\",\"item\":\"https:\/\/annissima.com\/es\/\"},{\"@type\":\"ListItem\",\"position\":2,\"name\":\"Communio pro indiviso (2022) &#8211; Anna Scalfi Eghenter\"}]},{\"@type\":\"WebSite\",\"@id\":\"https:\/\/annissima.com\/es\/#website\",\"url\":\"https:\/\/annissima.com\/es\/\",\"name\":\"Annissima\",\"description\":\"\",\"publisher\":{\"@id\":\"https:\/\/annissima.com\/es\/#\/schema\/person\/20ddb9283bed1379c30ee673559b9e9e\"},\"potentialAction\":[{\"@type\":\"SearchAction\",\"target\":{\"@type\":\"EntryPoint\",\"urlTemplate\":\"https:\/\/annissima.com\/es\/?s={search_term_string}\"},\"query-input\":{\"@type\":\"PropertyValueSpecification\",\"valueRequired\":true,\"valueName\":\"search_term_string\"}}],\"inLanguage\":\"es\"},{\"@type\":[\"Person\",\"Organization\"],\"@id\":\"https:\/\/annissima.com\/es\/#\/schema\/person\/20ddb9283bed1379c30ee673559b9e9e\",\"name\":\"Anna Scalfi\",\"image\":{\"@type\":\"ImageObject\",\"inLanguage\":\"es\",\"@id\":\"https:\/\/annissima.com\/es\/#\/schema\/person\/image\/\",\"url\":\"https:\/\/annissima.com\/wp-content\/uploads\/2023\/05\/annissima_logo_email.png\",\"contentUrl\":\"https:\/\/annissima.com\/wp-content\/uploads\/2023\/05\/annissima_logo_email.png\",\"width\":150,\"height\":39,\"caption\":\"Anna Scalfi\"},\"logo\":{\"@id\":\"https:\/\/annissima.com\/es\/#\/schema\/person\/image\/\"}}]}<\/script>\n<!-- \/ Yoast SEO plugin. -->","yoast_head_json":{"title":"Communio pro indiviso (2022) - Anna Scalfi Eghenter - Annissima","robots":{"index":"index","follow":"follow","max-snippet":"max-snippet:-1","max-image-preview":"max-image-preview:large","max-video-preview":"max-video-preview:-1"},"canonical":"https:\/\/annissima.com\/es\/","og_locale":"es_ES","og_type":"article","og_title":"Communio pro indiviso (2022) - Anna Scalfi Eghenter - Annissima","og_url":"https:\/\/annissima.com\/es\/","og_site_name":"Annissima","article_modified_time":"2024-03-18T12:45:52+00:00","og_image":[{"url":"https:\/\/annissima.com\/wp-content\/uploads\/2023\/07\/Communio-pro-indiviso_ScalfiEghenter-2022-1024x390.jpg","type":"","width":"","height":""}],"twitter_card":"summary_large_image","twitter_image":"https:\/\/annissima.com\/wp-content\/uploads\/2023\/07\/Communio-pro-indiviso_ScalfiEghenter-2022-1024x390.jpg","twitter_misc":{"Tiempo de lectura":"5 minutos"},"schema":{"@context":"https:\/\/schema.org","@graph":[{"@type":"WebPage","@id":"https:\/\/annissima.com\/es\/","url":"https:\/\/annissima.com\/es\/","name":"Communio pro indiviso (2022) - Anna Scalfi Eghenter - Annissima","isPartOf":{"@id":"https:\/\/annissima.com\/es\/#website"},"datePublished":"2022-12-26T10:37:55+00:00","dateModified":"2024-03-18T12:45:52+00:00","breadcrumb":{"@id":"https:\/\/annissima.com\/es\/#breadcrumb"},"inLanguage":"es","potentialAction":[{"@type":"ReadAction","target":["https:\/\/annissima.com\/es\/"]}]},{"@type":"BreadcrumbList","@id":"https:\/\/annissima.com\/es\/#breadcrumb","itemListElement":[{"@type":"ListItem","position":1,"name":"Home","item":"https:\/\/annissima.com\/es\/"},{"@type":"ListItem","position":2,"name":"Communio pro indiviso (2022) &#8211; Anna Scalfi Eghenter"}]},{"@type":"WebSite","@id":"https:\/\/annissima.com\/es\/#website","url":"https:\/\/annissima.com\/es\/","name":"Annissima","description":"","publisher":{"@id":"https:\/\/annissima.com\/es\/#\/schema\/person\/20ddb9283bed1379c30ee673559b9e9e"},"potentialAction":[{"@type":"SearchAction","target":{"@type":"EntryPoint","urlTemplate":"https:\/\/annissima.com\/es\/?s={search_term_string}"},"query-input":{"@type":"PropertyValueSpecification","valueRequired":true,"valueName":"search_term_string"}}],"inLanguage":"es"},{"@type":["Person","Organization"],"@id":"https:\/\/annissima.com\/es\/#\/schema\/person\/20ddb9283bed1379c30ee673559b9e9e","name":"Anna Scalfi","image":{"@type":"ImageObject","inLanguage":"es","@id":"https:\/\/annissima.com\/es\/#\/schema\/person\/image\/","url":"https:\/\/annissima.com\/wp-content\/uploads\/2023\/05\/annissima_logo_email.png","contentUrl":"https:\/\/annissima.com\/wp-content\/uploads\/2023\/05\/annissima_logo_email.png","width":150,"height":39,"caption":"Anna Scalfi"},"logo":{"@id":"https:\/\/annissima.com\/es\/#\/schema\/person\/image\/"}}]}},"_links":{"self":[{"href":"https:\/\/annissima.com\/es\/wp-json\/wp\/v2\/pages\/332","targetHints":{"allow":["GET"]}}],"collection":[{"href":"https:\/\/annissima.com\/es\/wp-json\/wp\/v2\/pages"}],"about":[{"href":"https:\/\/annissima.com\/es\/wp-json\/wp\/v2\/types\/page"}],"author":[{"embeddable":true,"href":"https:\/\/annissima.com\/es\/wp-json\/wp\/v2\/users\/1"}],"replies":[{"embeddable":true,"href":"https:\/\/annissima.com\/es\/wp-json\/wp\/v2\/comments?post=332"}],"version-history":[{"count":16,"href":"https:\/\/annissima.com\/es\/wp-json\/wp\/v2\/pages\/332\/revisions"}],"predecessor-version":[{"id":870,"href":"https:\/\/annissima.com\/es\/wp-json\/wp\/v2\/pages\/332\/revisions\/870"}],"wp:attachment":[{"href":"https:\/\/annissima.com\/es\/wp-json\/wp\/v2\/media?parent=332"}],"curies":[{"name":"wp","href":"https:\/\/api.w.org\/{rel}","templated":true}]}}