{"id":405,"date":"2023-04-13T21:39:51","date_gmt":"2023-04-13T20:39:51","guid":{"rendered":"https:\/\/annissima.com\/?post_type=product&#038;p=405"},"modified":"2023-08-30T09:21:41","modified_gmt":"2023-08-30T08:21:41","slug":"communio-pro-indiviso-2022-anna-scalfi-eghenter","status":"publish","type":"product","link":"https:\/\/annissima.com\/de\/prodotto\/communio-pro-indiviso-2022-anna-scalfi-eghenter\/","title":{"rendered":"Communio pro-indiviso (2022) \/ Anna Scalfi Eghenter"},"content":{"rendered":"<p><strong>TECHNISCHE EIGENSCHAFTEN F\u00dcR JEDEN QUADER: \u00a0<\/strong><br \/>\n<strong>LAMPE<\/strong> Neondraht-Element<br \/>\n<strong>ABMESSUNGEN<\/strong> 14 x 3 x 9,5 cm mit handwerklicher Angleichung<br \/>\n<strong>MATERIAL<\/strong> Kaltkathoden-Lichtr\u00f6hren aus handgeformtem Kristallglas, Durchmesser 15 mm, Schwei\u00dftechnik mit Falz hergestellt in den Werkst\u00e4tten von &#8218;Neon Lauro 1956&#8216;.<br \/>\n<strong>FARBE<\/strong> transparent rot leuchtend<br \/>\n<strong>HELLIGKEIT<\/strong> eines Elements: 400 Kerzen pro Quadratmeter<br \/>\n<strong>ZUBEH\u00d6R<\/strong> f\u00fcr die Installation: Halterungen, Elektrodenabdeckungen aus Isolierglas, A.T.-Kabel<br \/>\n<strong>TRANSFORMATOR<\/strong> mit ausreichender Leistung im Verh\u00e4ltnis zur Anzahl der erworbenen Elemente<br \/>\n<strong>L\u00d6SUNG<\/strong> f\u00fcr den Innen-\/Au\u00dfenbereich<br \/>\n<strong>INSTALLATIONS-, GEBRAUCHS- UND WARTUNGSHANDBUCH<\/strong><br \/>\n<strong>ZERTIFIKAT<\/strong> der Authentifizierung<br \/>\n<strong>VERPACKUNG<\/strong> Ma\u00dfgeschneiderte Holzkiste f\u00fcr den internationalen Transport, entsprechend der Anzahl der erworbenen Elemente<\/p>\n","protected":false},"excerpt":{"rendered":"<p><strong>TECHNISCHE EIGENSCHAFTEN F\u00dcR JEDEN QUADER: \u00a0<\/strong><br \/>\n<strong>LAMPE<\/strong> Neondraht-Element<br \/>\n<strong>ABMESSUNGEN<\/strong> 14 x 3 x 9,5 cm mit handwerklicher Angleichung<br \/>\n<strong>MATERIAL<\/strong> Kaltkathoden-Lichtr\u00f6hren aus handgeformtem Kristallglas, Durchmesser 15 mm, Schwei\u00dftechnik mit Falz hergestellt in den Werkst\u00e4tten von &#8218;Neon Lauro 1956&#8216;.<br \/>\n<strong>FARBE<\/strong> transparent rot leuchtend<br \/>\n<strong>HELLIGKEIT<\/strong> eines Elements: 400 Kerzen pro Quadratmeter<br \/>\n<strong>ZUBEH\u00d6R<\/strong> f\u00fcr die Installation: Halterungen, Elektrodenabdeckungen aus Isolierglas, A.T.-Kabel<br \/>\n<strong>TRANSFORMATOR<\/strong> mit ausreichender Leistung im Verh\u00e4ltnis zur Anzahl der erworbenen Elemente<br \/>\n<strong>L\u00d6SUNG<\/strong> f\u00fcr den Innen-\/Au\u00dfenbereich<br \/>\n<strong>INSTALLATIONS-, GEBRAUCHS- UND WARTUNGSHANDBUCH<\/strong><br \/>\n<strong>ZERTIFIKAT<\/strong> der Authentifizierung<br \/>\n<strong>VERPACKUNG<\/strong> Ma\u00dfgeschneiderte Holzkiste f\u00fcr den internationalen Transport, entsprechend der Anzahl der erworbenen Elemente<\/p>\n","protected":false},"featured_media":708,"template":"","meta":{"om_disable_all_campaigns":false,"_monsterinsights_skip_tracking":false,"_monsterinsights_sitenote_active":false,"_monsterinsights_sitenote_note":"","_monsterinsights_sitenote_category":0},"product_brand":[],"product_cat":[],"product_tag":[],"class_list":{"0":"post-405","1":"product","2":"type-product","3":"status-publish","4":"has-post-thumbnail","7":"first","8":"outofstock","9":"shipping-taxable","10":"purchasable","11":"product-type-simple"},"yoast_head":"<!-- This site is optimized with the Yoast SEO plugin v26.7 - https:\/\/yoast.com\/wordpress\/plugins\/seo\/ -->\n<title>Communio pro-indiviso (2022) \/ Anna Scalfi Eghenter - Annissima<\/title>\n<meta name=\"robots\" content=\"noindex, follow\" \/>\n<meta property=\"og:locale\" content=\"de_DE\" \/>\n<meta property=\"og:type\" content=\"article\" \/>\n<meta property=\"og:title\" content=\"Communio pro-indiviso (2022) \/ Anna Scalfi Eghenter - Annissima\" \/>\n<meta property=\"og:description\" content=\"TECHNISCHE EIGENSCHAFTEN F\u00dcR JEDEN QUADER: \u00a0 LAMPE Neondraht-Element ABMESSUNGEN 14 x 3 x 9,5 cm mit handwerklicher Angleichung MATERIAL Kaltkathoden-Lichtr\u00f6hren aus handgeformtem Kristallglas, Durchmesser 15 mm, Schwei\u00dftechnik mit Falz hergestellt in den Werkst\u00e4tten von &#039;Neon Lauro 1956&#039;. FARBE transparent rot leuchtend HELLIGKEIT eines Elements: 400 Kerzen pro Quadratmeter ZUBEH\u00d6R f\u00fcr die Installation: Halterungen, Elektrodenabdeckungen aus Isolierglas, A.T.-Kabel TRANSFORMATOR mit ausreichender Leistung im Verh\u00e4ltnis zur Anzahl der erworbenen Elemente L\u00d6SUNG f\u00fcr den Innen-\/Au\u00dfenbereich INSTALLATIONS-, GEBRAUCHS- UND WARTUNGSHANDBUCH ZERTIFIKAT der Authentifizierung VERPACKUNG Ma\u00dfgeschneiderte Holzkiste f\u00fcr den internationalen Transport, entsprechend der Anzahl der erworbenen Elemente\" \/>\n<meta property=\"og:url\" content=\"https:\/\/annissima.com\/de\/prodotto\/communio-pro-indiviso-2022-anna-scalfi-eghenter\/\" \/>\n<meta property=\"og:site_name\" content=\"Annissima\" \/>\n<meta property=\"article:modified_time\" content=\"2023-08-30T08:21:41+00:00\" \/>\n<meta property=\"og:image\" content=\"https:\/\/annissima.com\/wp-content\/uploads\/2023\/08\/Scalfi-Communio-2022-neon.png\" \/>\n\t<meta property=\"og:image:width\" content=\"779\" \/>\n\t<meta property=\"og:image:height\" content=\"1008\" \/>\n\t<meta property=\"og:image:type\" content=\"image\/png\" \/>\n<meta name=\"twitter:card\" content=\"summary_large_image\" \/>\n<meta name=\"twitter:label1\" content=\"Gesch\u00e4tzte Lesezeit\" \/>\n\t<meta name=\"twitter:data1\" content=\"1\u00a0Minute\" \/>\n<script type=\"application\/ld+json\" class=\"yoast-schema-graph\">{\"@context\":\"https:\/\/schema.org\",\"@graph\":[{\"@type\":\"WebPage\",\"@id\":\"https:\/\/annissima.com\/de\/prodotto\/communio-pro-indiviso-2022-anna-scalfi-eghenter\/\",\"url\":\"https:\/\/annissima.com\/de\/prodotto\/communio-pro-indiviso-2022-anna-scalfi-eghenter\/\",\"name\":\"Communio pro-indiviso (2022) \/ Anna Scalfi Eghenter - Annissima\",\"isPartOf\":{\"@id\":\"https:\/\/annissima.com\/de\/#website\"},\"primaryImageOfPage\":{\"@id\":\"https:\/\/annissima.com\/de\/prodotto\/communio-pro-indiviso-2022-anna-scalfi-eghenter\/#primaryimage\"},\"image\":{\"@id\":\"https:\/\/annissima.com\/de\/prodotto\/communio-pro-indiviso-2022-anna-scalfi-eghenter\/#primaryimage\"},\"thumbnailUrl\":\"https:\/\/annissima.com\/wp-content\/uploads\/2023\/08\/Scalfi-Communio-2022-neon.png\",\"datePublished\":\"2023-04-13T20:39:51+00:00\",\"dateModified\":\"2023-08-30T08:21:41+00:00\",\"breadcrumb\":{\"@id\":\"https:\/\/annissima.com\/de\/prodotto\/communio-pro-indiviso-2022-anna-scalfi-eghenter\/#breadcrumb\"},\"inLanguage\":\"de\",\"potentialAction\":[{\"@type\":\"ReadAction\",\"target\":[\"https:\/\/annissima.com\/de\/prodotto\/communio-pro-indiviso-2022-anna-scalfi-eghenter\/\"]}]},{\"@type\":\"ImageObject\",\"inLanguage\":\"de\",\"@id\":\"https:\/\/annissima.com\/de\/prodotto\/communio-pro-indiviso-2022-anna-scalfi-eghenter\/#primaryimage\",\"url\":\"https:\/\/annissima.com\/wp-content\/uploads\/2023\/08\/Scalfi-Communio-2022-neon.png\",\"contentUrl\":\"https:\/\/annissima.com\/wp-content\/uploads\/2023\/08\/Scalfi-Communio-2022-neon.png\",\"width\":779,\"height\":1008},{\"@type\":\"BreadcrumbList\",\"@id\":\"https:\/\/annissima.com\/de\/prodotto\/communio-pro-indiviso-2022-anna-scalfi-eghenter\/#breadcrumb\",\"itemListElement\":[{\"@type\":\"ListItem\",\"position\":1,\"name\":\"Home\",\"item\":\"https:\/\/annissima.com\/de\/\"},{\"@type\":\"ListItem\",\"position\":2,\"name\":\"Produkte\",\"item\":\"https:\/\/annissima.com\/de\/shop\/\"},{\"@type\":\"ListItem\",\"position\":3,\"name\":\"Communio pro-indiviso (2022) \/ Anna Scalfi Eghenter\"}]},{\"@type\":\"WebSite\",\"@id\":\"https:\/\/annissima.com\/de\/#website\",\"url\":\"https:\/\/annissima.com\/de\/\",\"name\":\"Annissima\",\"description\":\"\",\"publisher\":{\"@id\":\"https:\/\/annissima.com\/de\/#\/schema\/person\/20ddb9283bed1379c30ee673559b9e9e\"},\"potentialAction\":[{\"@type\":\"SearchAction\",\"target\":{\"@type\":\"EntryPoint\",\"urlTemplate\":\"https:\/\/annissima.com\/de\/?s={search_term_string}\"},\"query-input\":{\"@type\":\"PropertyValueSpecification\",\"valueRequired\":true,\"valueName\":\"search_term_string\"}}],\"inLanguage\":\"de\"},{\"@type\":[\"Person\",\"Organization\"],\"@id\":\"https:\/\/annissima.com\/de\/#\/schema\/person\/20ddb9283bed1379c30ee673559b9e9e\",\"name\":\"Anna Scalfi\",\"image\":{\"@type\":\"ImageObject\",\"inLanguage\":\"de\",\"@id\":\"https:\/\/annissima.com\/de\/#\/schema\/person\/image\/\",\"url\":\"https:\/\/annissima.com\/wp-content\/uploads\/2023\/05\/annissima_logo_email.png\",\"contentUrl\":\"https:\/\/annissima.com\/wp-content\/uploads\/2023\/05\/annissima_logo_email.png\",\"width\":150,\"height\":39,\"caption\":\"Anna Scalfi\"},\"logo\":{\"@id\":\"https:\/\/annissima.com\/de\/#\/schema\/person\/image\/\"}}]}<\/script>\n<!-- \/ Yoast SEO plugin. -->","yoast_head_json":{"title":"Communio pro-indiviso (2022) \/ Anna Scalfi Eghenter - Annissima","robots":{"index":"noindex","follow":"follow"},"og_locale":"de_DE","og_type":"article","og_title":"Communio pro-indiviso (2022) \/ Anna Scalfi Eghenter - Annissima","og_description":"TECHNISCHE EIGENSCHAFTEN F\u00dcR JEDEN QUADER: \u00a0 LAMPE Neondraht-Element ABMESSUNGEN 14 x 3 x 9,5 cm mit handwerklicher Angleichung MATERIAL Kaltkathoden-Lichtr\u00f6hren aus handgeformtem Kristallglas, Durchmesser 15 mm, Schwei\u00dftechnik mit Falz hergestellt in den Werkst\u00e4tten von 'Neon Lauro 1956'. FARBE transparent rot leuchtend HELLIGKEIT eines Elements: 400 Kerzen pro Quadratmeter ZUBEH\u00d6R f\u00fcr die Installation: Halterungen, Elektrodenabdeckungen aus Isolierglas, A.T.-Kabel TRANSFORMATOR mit ausreichender Leistung im Verh\u00e4ltnis zur Anzahl der erworbenen Elemente L\u00d6SUNG f\u00fcr den Innen-\/Au\u00dfenbereich INSTALLATIONS-, GEBRAUCHS- UND WARTUNGSHANDBUCH ZERTIFIKAT der Authentifizierung VERPACKUNG Ma\u00dfgeschneiderte Holzkiste f\u00fcr den internationalen Transport, entsprechend der Anzahl der erworbenen Elemente","og_url":"https:\/\/annissima.com\/de\/prodotto\/communio-pro-indiviso-2022-anna-scalfi-eghenter\/","og_site_name":"Annissima","article_modified_time":"2023-08-30T08:21:41+00:00","og_image":[{"width":779,"height":1008,"url":"https:\/\/annissima.com\/wp-content\/uploads\/2023\/08\/Scalfi-Communio-2022-neon.png","type":"image\/png"}],"twitter_card":"summary_large_image","twitter_misc":{"Gesch\u00e4tzte Lesezeit":"1\u00a0Minute"},"schema":{"@context":"https:\/\/schema.org","@graph":[{"@type":"WebPage","@id":"https:\/\/annissima.com\/de\/prodotto\/communio-pro-indiviso-2022-anna-scalfi-eghenter\/","url":"https:\/\/annissima.com\/de\/prodotto\/communio-pro-indiviso-2022-anna-scalfi-eghenter\/","name":"Communio pro-indiviso (2022) \/ Anna Scalfi Eghenter - Annissima","isPartOf":{"@id":"https:\/\/annissima.com\/de\/#website"},"primaryImageOfPage":{"@id":"https:\/\/annissima.com\/de\/prodotto\/communio-pro-indiviso-2022-anna-scalfi-eghenter\/#primaryimage"},"image":{"@id":"https:\/\/annissima.com\/de\/prodotto\/communio-pro-indiviso-2022-anna-scalfi-eghenter\/#primaryimage"},"thumbnailUrl":"https:\/\/annissima.com\/wp-content\/uploads\/2023\/08\/Scalfi-Communio-2022-neon.png","datePublished":"2023-04-13T20:39:51+00:00","dateModified":"2023-08-30T08:21:41+00:00","breadcrumb":{"@id":"https:\/\/annissima.com\/de\/prodotto\/communio-pro-indiviso-2022-anna-scalfi-eghenter\/#breadcrumb"},"inLanguage":"de","potentialAction":[{"@type":"ReadAction","target":["https:\/\/annissima.com\/de\/prodotto\/communio-pro-indiviso-2022-anna-scalfi-eghenter\/"]}]},{"@type":"ImageObject","inLanguage":"de","@id":"https:\/\/annissima.com\/de\/prodotto\/communio-pro-indiviso-2022-anna-scalfi-eghenter\/#primaryimage","url":"https:\/\/annissima.com\/wp-content\/uploads\/2023\/08\/Scalfi-Communio-2022-neon.png","contentUrl":"https:\/\/annissima.com\/wp-content\/uploads\/2023\/08\/Scalfi-Communio-2022-neon.png","width":779,"height":1008},{"@type":"BreadcrumbList","@id":"https:\/\/annissima.com\/de\/prodotto\/communio-pro-indiviso-2022-anna-scalfi-eghenter\/#breadcrumb","itemListElement":[{"@type":"ListItem","position":1,"name":"Home","item":"https:\/\/annissima.com\/de\/"},{"@type":"ListItem","position":2,"name":"Produkte","item":"https:\/\/annissima.com\/de\/shop\/"},{"@type":"ListItem","position":3,"name":"Communio pro-indiviso (2022) \/ Anna Scalfi Eghenter"}]},{"@type":"WebSite","@id":"https:\/\/annissima.com\/de\/#website","url":"https:\/\/annissima.com\/de\/","name":"Annissima","description":"","publisher":{"@id":"https:\/\/annissima.com\/de\/#\/schema\/person\/20ddb9283bed1379c30ee673559b9e9e"},"potentialAction":[{"@type":"SearchAction","target":{"@type":"EntryPoint","urlTemplate":"https:\/\/annissima.com\/de\/?s={search_term_string}"},"query-input":{"@type":"PropertyValueSpecification","valueRequired":true,"valueName":"search_term_string"}}],"inLanguage":"de"},{"@type":["Person","Organization"],"@id":"https:\/\/annissima.com\/de\/#\/schema\/person\/20ddb9283bed1379c30ee673559b9e9e","name":"Anna Scalfi","image":{"@type":"ImageObject","inLanguage":"de","@id":"https:\/\/annissima.com\/de\/#\/schema\/person\/image\/","url":"https:\/\/annissima.com\/wp-content\/uploads\/2023\/05\/annissima_logo_email.png","contentUrl":"https:\/\/annissima.com\/wp-content\/uploads\/2023\/05\/annissima_logo_email.png","width":150,"height":39,"caption":"Anna Scalfi"},"logo":{"@id":"https:\/\/annissima.com\/de\/#\/schema\/person\/image\/"}}]}},"_links":{"self":[{"href":"https:\/\/annissima.com\/de\/wp-json\/wp\/v2\/product\/405","targetHints":{"allow":["GET"]}}],"collection":[{"href":"https:\/\/annissima.com\/de\/wp-json\/wp\/v2\/product"}],"about":[{"href":"https:\/\/annissima.com\/de\/wp-json\/wp\/v2\/types\/product"}],"wp:featuredmedia":[{"embeddable":true,"href":"https:\/\/annissima.com\/de\/wp-json\/wp\/v2\/media\/708"}],"wp:attachment":[{"href":"https:\/\/annissima.com\/de\/wp-json\/wp\/v2\/media?parent=405"}],"wp:term":[{"taxonomy":"product_brand","embeddable":true,"href":"https:\/\/annissima.com\/de\/wp-json\/wp\/v2\/product_brand?post=405"},{"taxonomy":"product_cat","embeddable":true,"href":"https:\/\/annissima.com\/de\/wp-json\/wp\/v2\/product_cat?post=405"},{"taxonomy":"product_tag","embeddable":true,"href":"https:\/\/annissima.com\/de\/wp-json\/wp\/v2\/product_tag?post=405"}],"curies":[{"name":"wp","href":"https:\/\/api.w.org\/{rel}","templated":true}]}}